{"id":2644,"date":"2026-03-11T15:40:44","date_gmt":"2026-03-11T14:40:44","guid":{"rendered":"https:\/\/camping.gorges-du-tarn.fr\/?page_id=2644"},"modified":"2026-04-01T20:16:54","modified_gmt":"2026-04-01T18:16:54","slug":"rechtliche-hinweise","status":"publish","type":"page","link":"https:\/\/camping.gorges-du-tarn.fr\/de\/mentions-legales\/","title":{"rendered":"Impressum"},"content":{"rendered":"<div class=\"wp-block-citadela-blocks-custom-container citadela-block-custom-container size-wide bg-type-none inside-space-none\"><div class=\"inner-holder\">\n<div style=\"height:0px\" aria-hidden=\"true\" class=\"wp-block-spacer\"><\/div>\n\n\n\n<figure class=\"wp-block-image alignwide size-large\"><img loading=\"lazy\" decoding=\"async\" width=\"1024\" height=\"299\" src=\"https:\/\/camping.gorges-du-tarn.fr\/wp-content\/uploads\/2026\/03\/camping-castelbouc-gorges-du-tarn-1200-350-1024x299.webp\" alt=\"Typische Landschaft der Tarn-Schluchten\" class=\"wp-image-4545\" srcset=\"https:\/\/camping.gorges-du-tarn.fr\/wp-content\/uploads\/2026\/03\/camping-castelbouc-gorges-du-tarn-1200-350-1024x299.webp 1024w, https:\/\/camping.gorges-du-tarn.fr\/wp-content\/uploads\/2026\/03\/camping-castelbouc-gorges-du-tarn-1200-350-300x88.webp 300w, https:\/\/camping.gorges-du-tarn.fr\/wp-content\/uploads\/2026\/03\/camping-castelbouc-gorges-du-tarn-1200-350-768x224.webp 768w, https:\/\/camping.gorges-du-tarn.fr\/wp-content\/uploads\/2026\/03\/camping-castelbouc-gorges-du-tarn-1200-350-18x5.webp 18w, https:\/\/camping.gorges-du-tarn.fr\/wp-content\/uploads\/2026\/03\/camping-castelbouc-gorges-du-tarn-1200-350.webp 1200w\" sizes=\"auto, (max-width: 1024px) 100vw, 1024px\" \/><\/figure>\n\n\n\n<h2 class=\"wp-block-heading has-text-align-center has-text-color\" style=\"color:#69bf53\"><strong>Impressum<\/strong><\/h2>\n\n\n\n<div class=\"wp-block-citadela-blocks-spacer citadela-block-spacer\"><div class=\"inner-holder\" style=\"padding-top:10px\"><\/div><\/div>\n\n\n\n<p><strong>Inhaber :<\/strong><br>S.A.S 2L<br>Castelbouc-Stra\u00dfe 50<br>The C\u00e9ret<br>48210 GORGES DU TARN CAUSSES<br>(Loz\u00e8re \/ Okzitanien \/ Frankreich)<br>RCS: Mende \u2013 SIRET: 91036817400017<br>Mehrwertsteuer: FR82910368174<br>NAF: 5530Z<br><strong>Leiter der Ver\u00f6ffentlichung:<\/strong><br>Erika BOSC \u2013 HERLLE (Camping (2 Sterne) Le Site de Castelbouc in den Tarn-Schluchten) \u2013 <a href=\"mailto:camping.de.castelbouc@gorges-du-tarn.fr\"><strong>camping.de.castelbouc@gorges-du-tarn.fr<\/strong><\/a><br><strong>Telefon :<\/strong> 04 66 48 58 08<br><strong>Webmaster:<\/strong> Philippe MONTALBETTI \u2013 <a href=\"mailto:philippe.montalbetti@ecotourisme.eu\"><strong>philippe.montalbetti@ecotourisme.eu<\/strong><\/a><br><strong>Hosting der Seite:<\/strong> auf dem Server von OVH \u2013 2 rue Kellermann \u2013 59100 Roubaix \u2013 Frankreich<br><strong>Datenschutzbeauftragter:<\/strong> Erika BOSC \u2013 <a href=\"mailto:camping.lesite@wanadoo.fr\"><\/a><a href=\"mailto:camping.de.castelbouc@gorges-du-tarn.fr\"><strong>camping.de.castelbouc@gorges-du-tarn.fr<\/strong><\/a><\/p>\n\n\n\n<p style=\"text-align: justify;\"><strong>Nutzung und Weitergabe personenbezogener Daten:<\/strong><br \/>Gem\u00e4\u00df dem franz\u00f6sischen Datenschutzgesetz vom 6. Januar 1978 in seiner ge\u00e4nderten Fassung haben Sie das Recht auf Auskunft und Berichtigung Ihrer personenbezogenen Daten. Wenn Sie dieses Recht aus\u00fcben und eine Kopie Ihrer personenbezogenen Daten erhalten m\u00f6chten, wenden Sie sich bitte an die Campingplatzleitung.<br \/>Der Campingplatz verwendet personenbezogene Daten nur f\u00fcr folgende Zwecke:<br \/>\u2013 technische Administration der Website, um Ihnen Zugang zu bestimmten Informationen zu verschaffen;<br \/>\u2013 Kommunikation mit Ihnen im Rahmen der Verwaltung der Kundenbeziehung.<br \/>Ihre personenbezogenen Daten werden in keinem Fall an Dritte weitergegeben oder f\u00fcr andere Zwecke verwendet.<\/p>\n\n\n\n<div class=\"wp-block-citadela-blocks-spacer citadela-block-spacer\"><div class=\"inner-holder\" style=\"padding-top:10px\"><\/div><\/div>\n\n\n\n<h2 class=\"wp-block-heading has-text-align-center has-text-color\" style=\"color:#69bf53\"><strong>Verkaufsbedingungen<\/strong><\/h2>\n\n\n\n<h4 class=\"wp-block-heading has-text-align-center\"><strong>Campingpl\u00e4tze und Mietunterk\u00fcnfte:<\/strong><\/h4>\n\n\n\n<p class=\"has-text-align-center\"><strong><a href=\"http:\/\/camping.gorges-du-tarn.fr\/wp-content\/uploads\/cgv\/camping-le-site-de-castelbouc-cgv-2026.pdf\" target=\"_blank\" rel=\"noreferrer noopener\">Laden Sie die Allgemeinen Gesch\u00e4ftsbedingungen f\u00fcr 2026 herunter.<\/a><\/strong><br><\/p>\n<\/div><\/div>","protected":false},"excerpt":{"rendered":"","protected":false},"author":2,"featured_media":0,"parent":0,"menu_order":0,"comment_status":"closed","ping_status":"closed","template":"","meta":{"_citadela_hide_page_title":"1","_citadela_remove_header_space":"1","_citadela_custom_class":"","_citadela_half_map_provider":"","_citadela_half_map_theme":"","_citadela_half_map_themeOSM":"","_citadela_half_map_customTheme":"","_citadela_half_map_dataType":"","_citadela_half_map_dynamicTrack":false,"_citadela_half_map_trackColor":"","_citadela_half_map_trackEndpointsColor":"","_citadela_half_map_filterCategory":"","_citadela_half_map_filterLocation":"","_citadela_half_map_filterFeatured":false,"_citadela_half_map_noDataBehavior":"empty-map","_citadela_half_map_noDataText":"","_citadela_half_map_clusterGridSize":80,"_citadela_header":false,"_citadela_header_over_content":false,"_citadela_header_text_color":"","_citadela_header_logo":[],"_citadela_header_bg_image":[],"_citadela_header_bg_position":{"x":0.5,"y":0.5},"_citadela_header_bg_size":"cover","_citadela_header_bg_repeat":"no-repeat","_citadela_header_bg_fixed":false,"_citadela_header_bg_color":"","_citadela_header_bg_image_overlay":"","_citadela_header_transparent_bg":false,"_citadela_content_width":"","_citadela_half_layout_position":"","footnotes":""},"class_list":["post-2644","page","type-page","status-publish","hentry"],"yoast_head":"<!-- This site is optimized with the Yoast SEO plugin v27.3 - https:\/\/yoast.com\/product\/yoast-seo-wordpress\/ -->\n<title>Mentions l\u00e9gales - Camping Le Site de Castelbouc<\/title>\n<meta name=\"description\" content=\"Camping familial \u2605\u2605 \u00e0 Sainte\u2011Enimie (Loz\u00e8re) - Plage priv\u00e9e sur le Tarn, d\u00e9part cano\u00eb sur place, mobil-homes, tipis et emplacements. Wifi, laverie, accueil randonneurs. Contact : camping.de.castelbouc@gorges-du-tarn.fr\" \/>\n<meta name=\"robots\" content=\"index, follow, max-snippet:-1, max-image-preview:large, max-video-preview:-1\" \/>\n<link rel=\"canonical\" href=\"https:\/\/camping.gorges-du-tarn.fr\/de\/rechtliche-hinweise\/\" \/>\n<meta property=\"og:locale\" content=\"de_DE\" \/>\n<meta property=\"og:type\" content=\"article\" \/>\n<meta property=\"og:title\" content=\"Mentions l\u00e9gales - Camping Le Site de Castelbouc\" \/>\n<meta property=\"og:description\" content=\"Camping familial \u2605\u2605 \u00e0 Sainte\u2011Enimie (Loz\u00e8re) - Plage priv\u00e9e sur le Tarn, d\u00e9part cano\u00eb sur place, mobil-homes, tipis et emplacements. Wifi, laverie, accueil randonneurs. Contact : camping.de.castelbouc@gorges-du-tarn.fr\" \/>\n<meta property=\"og:url\" content=\"https:\/\/camping.gorges-du-tarn.fr\/de\/rechtliche-hinweise\/\" \/>\n<meta property=\"og:site_name\" content=\"Camping Le Site de Castelbouc\" \/>\n<meta property=\"article:publisher\" content=\"https:\/\/www.facebook.com\/Camping.Castelbouc.Gorges.du.Tarn\/\" \/>\n<meta property=\"article:modified_time\" content=\"2026-04-01T18:16:54+00:00\" \/>\n<meta property=\"og:image\" content=\"https:\/\/camping.gorges-du-tarn.fr\/wp-content\/uploads\/2026\/03\/camping-castelbouc-gorges-du-tarn-1200-350.webp\" \/>\n\t<meta property=\"og:image:width\" content=\"1200\" \/>\n\t<meta property=\"og:image:height\" content=\"350\" \/>\n\t<meta property=\"og:image:type\" content=\"image\/webp\" \/>\n<meta name=\"twitter:card\" content=\"summary_large_image\" \/>\n<meta name=\"twitter:label1\" content=\"Gesch\u00e4tzte Lesezeit\" \/>\n\t<meta name=\"twitter:data1\" content=\"2\u00a0Minuten\" \/>\n<script type=\"application\/ld+json\" class=\"yoast-schema-graph\">{\"@context\":\"https:\\\/\\\/schema.org\",\"@graph\":[{\"@type\":\"WebPage\",\"@id\":\"https:\\\/\\\/camping.gorges-du-tarn.fr\\\/mentions-legales\\\/\",\"url\":\"https:\\\/\\\/camping.gorges-du-tarn.fr\\\/mentions-legales\\\/\",\"name\":\"Mentions l\u00e9gales - Camping Le Site de Castelbouc\",\"isPartOf\":{\"@id\":\"https:\\\/\\\/camping.gorges-du-tarn.fr\\\/#website\"},\"primaryImageOfPage\":{\"@id\":\"https:\\\/\\\/camping.gorges-du-tarn.fr\\\/mentions-legales\\\/#primaryimage\"},\"image\":{\"@id\":\"https:\\\/\\\/camping.gorges-du-tarn.fr\\\/mentions-legales\\\/#primaryimage\"},\"thumbnailUrl\":\"https:\\\/\\\/camping.gorges-du-tarn.fr\\\/wp-content\\\/uploads\\\/2026\\\/03\\\/camping-castelbouc-gorges-du-tarn-1200-350-1024x299.webp\",\"datePublished\":\"2026-03-11T14:40:44+00:00\",\"dateModified\":\"2026-04-01T18:16:54+00:00\",\"description\":\"Camping familial \u2605\u2605 \u00e0 Sainte\u2011Enimie (Loz\u00e8re) - Plage priv\u00e9e sur le Tarn, d\u00e9part cano\u00eb sur place, mobil-homes, tipis et emplacements. Wifi, laverie, accueil randonneurs. Contact : camping.de.castelbouc@gorges-du-tarn.fr\",\"breadcrumb\":{\"@id\":\"https:\\\/\\\/camping.gorges-du-tarn.fr\\\/mentions-legales\\\/#breadcrumb\"},\"inLanguage\":\"de\",\"potentialAction\":[{\"@type\":\"ReadAction\",\"target\":[\"https:\\\/\\\/camping.gorges-du-tarn.fr\\\/mentions-legales\\\/\"]}]},{\"@type\":\"ImageObject\",\"inLanguage\":\"de\",\"@id\":\"https:\\\/\\\/camping.gorges-du-tarn.fr\\\/mentions-legales\\\/#primaryimage\",\"url\":\"https:\\\/\\\/camping.gorges-du-tarn.fr\\\/wp-content\\\/uploads\\\/2026\\\/03\\\/camping-castelbouc-gorges-du-tarn-1200-350-1024x299.webp\",\"contentUrl\":\"https:\\\/\\\/camping.gorges-du-tarn.fr\\\/wp-content\\\/uploads\\\/2026\\\/03\\\/camping-castelbouc-gorges-du-tarn-1200-350-1024x299.webp\"},{\"@type\":\"BreadcrumbList\",\"@id\":\"https:\\\/\\\/camping.gorges-du-tarn.fr\\\/mentions-legales\\\/#breadcrumb\",\"itemListElement\":[{\"@type\":\"ListItem\",\"position\":1,\"name\":\"Accueil\",\"item\":\"https:\\\/\\\/camping.gorges-du-tarn.fr\\\/\"},{\"@type\":\"ListItem\",\"position\":2,\"name\":\"Mentions l\u00e9gales\"}]},{\"@type\":\"WebSite\",\"@id\":\"https:\\\/\\\/camping.gorges-du-tarn.fr\\\/#website\",\"url\":\"https:\\\/\\\/camping.gorges-du-tarn.fr\\\/\",\"name\":\"Camping Le Site de Castelbouc\",\"description\":\"Sainte-Enimie - Loz\u00e8re - Occitanie\",\"publisher\":{\"@id\":\"https:\\\/\\\/camping.gorges-du-tarn.fr\\\/#organization\"},\"alternateName\":\"Camping de Castelbouc\",\"potentialAction\":[{\"@type\":\"SearchAction\",\"target\":{\"@type\":\"EntryPoint\",\"urlTemplate\":\"https:\\\/\\\/camping.gorges-du-tarn.fr\\\/?s={search_term_string}\"},\"query-input\":{\"@type\":\"PropertyValueSpecification\",\"valueRequired\":true,\"valueName\":\"search_term_string\"}}],\"inLanguage\":\"de\"},{\"@type\":\"Organization\",\"@id\":\"https:\\\/\\\/camping.gorges-du-tarn.fr\\\/#organization\",\"name\":\"Camping \\\"Le Site de Castelbouc\\\"\",\"alternateName\":\"Le Site de Castelbouc\",\"url\":\"https:\\\/\\\/camping.gorges-du-tarn.fr\\\/\",\"logo\":{\"@type\":\"ImageObject\",\"inLanguage\":\"de\",\"@id\":\"https:\\\/\\\/camping.gorges-du-tarn.fr\\\/#\\\/schema\\\/logo\\\/image\\\/\",\"url\":\"https:\\\/\\\/camping.gorges-du-tarn.fr\\\/wp-content\\\/uploads\\\/2023\\\/03\\\/cropped-camping_le_site_de_castelbouc_logo_267x125.png\",\"contentUrl\":\"https:\\\/\\\/camping.gorges-du-tarn.fr\\\/wp-content\\\/uploads\\\/2023\\\/03\\\/cropped-camping_le_site_de_castelbouc_logo_267x125.png\",\"width\":267,\"height\":125,\"caption\":\"Camping \\\"Le Site de Castelbouc\\\"\"},\"image\":{\"@id\":\"https:\\\/\\\/camping.gorges-du-tarn.fr\\\/#\\\/schema\\\/logo\\\/image\\\/\"},\"sameAs\":[\"https:\\\/\\\/www.facebook.com\\\/Camping.Castelbouc.Gorges.du.Tarn\\\/\"]}]}<\/script>\n<!-- \/ Yoast SEO plugin. -->","yoast_head_json":{"title":"Rechtliche Hinweise \u2013 Campingplatz Le Site de Castelbouc","description":"Familiengef\u00fchrter Campingplatz \u2605\u2605 in Sainte-Enimie (Loz\u00e8re) \u2013 Privatstrand am Tarn, Kanueinstiegsstelle direkt am Gel\u00e4nde, Mobilheime, Tipis und Stellpl\u00e4tze. WLAN, W\u00e4schem\u00f6glichkeiten, Wanderer willkommen. Kontakt: camping.de.castelbouc@gorges-du-tarn.fr","robots":{"index":"index","follow":"follow","max-snippet":"max-snippet:-1","max-image-preview":"max-image-preview:large","max-video-preview":"max-video-preview:-1"},"canonical":"https:\/\/camping.gorges-du-tarn.fr\/de\/rechtliche-hinweise\/","og_locale":"de_DE","og_type":"article","og_title":"Mentions l\u00e9gales - Camping Le Site de Castelbouc","og_description":"Camping familial \u2605\u2605 \u00e0 Sainte\u2011Enimie (Loz\u00e8re) - Plage priv\u00e9e sur le Tarn, d\u00e9part cano\u00eb sur place, mobil-homes, tipis et emplacements. Wifi, laverie, accueil randonneurs. Contact : camping.de.castelbouc@gorges-du-tarn.fr","og_url":"https:\/\/camping.gorges-du-tarn.fr\/de\/rechtliche-hinweise\/","og_site_name":"Camping Le Site de Castelbouc","article_publisher":"https:\/\/www.facebook.com\/Camping.Castelbouc.Gorges.du.Tarn\/","article_modified_time":"2026-04-01T18:16:54+00:00","og_image":[{"width":1200,"height":350,"url":"https:\/\/camping.gorges-du-tarn.fr\/wp-content\/uploads\/2026\/03\/camping-castelbouc-gorges-du-tarn-1200-350.webp","type":"image\/webp"}],"twitter_card":"summary_large_image","twitter_misc":{"Gesch\u00e4tzte Lesezeit":"2\u00a0Minuten"},"schema":{"@context":"https:\/\/schema.org","@graph":[{"@type":"WebPage","@id":"https:\/\/camping.gorges-du-tarn.fr\/mentions-legales\/","url":"https:\/\/camping.gorges-du-tarn.fr\/mentions-legales\/","name":"Rechtliche Hinweise \u2013 Campingplatz Le Site de Castelbouc","isPartOf":{"@id":"https:\/\/camping.gorges-du-tarn.fr\/#website"},"primaryImageOfPage":{"@id":"https:\/\/camping.gorges-du-tarn.fr\/mentions-legales\/#primaryimage"},"image":{"@id":"https:\/\/camping.gorges-du-tarn.fr\/mentions-legales\/#primaryimage"},"thumbnailUrl":"https:\/\/camping.gorges-du-tarn.fr\/wp-content\/uploads\/2026\/03\/camping-castelbouc-gorges-du-tarn-1200-350-1024x299.webp","datePublished":"2026-03-11T14:40:44+00:00","dateModified":"2026-04-01T18:16:54+00:00","description":"Familiengef\u00fchrter Campingplatz \u2605\u2605 in Sainte-Enimie (Loz\u00e8re) \u2013 Privatstrand am Tarn, Kanueinstiegsstelle direkt am Gel\u00e4nde, Mobilheime, Tipis und Stellpl\u00e4tze. WLAN, W\u00e4schem\u00f6glichkeiten, Wanderer willkommen. Kontakt: camping.de.castelbouc@gorges-du-tarn.fr","breadcrumb":{"@id":"https:\/\/camping.gorges-du-tarn.fr\/mentions-legales\/#breadcrumb"},"inLanguage":"de","potentialAction":[{"@type":"ReadAction","target":["https:\/\/camping.gorges-du-tarn.fr\/mentions-legales\/"]}]},{"@type":"ImageObject","inLanguage":"de","@id":"https:\/\/camping.gorges-du-tarn.fr\/mentions-legales\/#primaryimage","url":"https:\/\/camping.gorges-du-tarn.fr\/wp-content\/uploads\/2026\/03\/camping-castelbouc-gorges-du-tarn-1200-350-1024x299.webp","contentUrl":"https:\/\/camping.gorges-du-tarn.fr\/wp-content\/uploads\/2026\/03\/camping-castelbouc-gorges-du-tarn-1200-350-1024x299.webp"},{"@type":"BreadcrumbList","@id":"https:\/\/camping.gorges-du-tarn.fr\/mentions-legales\/#breadcrumb","itemListElement":[{"@type":"ListItem","position":1,"name":"Accueil","item":"https:\/\/camping.gorges-du-tarn.fr\/"},{"@type":"ListItem","position":2,"name":"Mentions l\u00e9gales"}]},{"@type":"WebSite","@id":"https:\/\/camping.gorges-du-tarn.fr\/#website","url":"https:\/\/camping.gorges-du-tarn.fr\/","name":"Camping Le Site de Castelbouc","description":"Sainte-Enimie \u2013 Loz\u00e8re \u2013 Okzitanien","publisher":{"@id":"https:\/\/camping.gorges-du-tarn.fr\/#organization"},"alternateName":"Camping de Castelbouc","potentialAction":[{"@type":"SearchAction","target":{"@type":"EntryPoint","urlTemplate":"https:\/\/camping.gorges-du-tarn.fr\/?s={search_term_string}"},"query-input":{"@type":"PropertyValueSpecification","valueRequired":true,"valueName":"search_term_string"}}],"inLanguage":"de"},{"@type":"Organization","@id":"https:\/\/camping.gorges-du-tarn.fr\/#organization","name":"Campingplatz \"Le Site de Castelbouc\"","alternateName":"Le Site de Castelbouc","url":"https:\/\/camping.gorges-du-tarn.fr\/","logo":{"@type":"ImageObject","inLanguage":"de","@id":"https:\/\/camping.gorges-du-tarn.fr\/#\/schema\/logo\/image\/","url":"https:\/\/camping.gorges-du-tarn.fr\/wp-content\/uploads\/2023\/03\/cropped-camping_le_site_de_castelbouc_logo_267x125.png","contentUrl":"https:\/\/camping.gorges-du-tarn.fr\/wp-content\/uploads\/2023\/03\/cropped-camping_le_site_de_castelbouc_logo_267x125.png","width":267,"height":125,"caption":"Camping \"Le Site de Castelbouc\""},"image":{"@id":"https:\/\/camping.gorges-du-tarn.fr\/#\/schema\/logo\/image\/"},"sameAs":["https:\/\/www.facebook.com\/Camping.Castelbouc.Gorges.du.Tarn\/"]}]}},"_links":{"self":[{"href":"https:\/\/camping.gorges-du-tarn.fr\/de\/wp-json\/wp\/v2\/pages\/2644","targetHints":{"allow":["GET"]}}],"collection":[{"href":"https:\/\/camping.gorges-du-tarn.fr\/de\/wp-json\/wp\/v2\/pages"}],"about":[{"href":"https:\/\/camping.gorges-du-tarn.fr\/de\/wp-json\/wp\/v2\/types\/page"}],"author":[{"embeddable":true,"href":"https:\/\/camping.gorges-du-tarn.fr\/de\/wp-json\/wp\/v2\/users\/2"}],"replies":[{"embeddable":true,"href":"https:\/\/camping.gorges-du-tarn.fr\/de\/wp-json\/wp\/v2\/comments?post=2644"}],"version-history":[{"count":0,"href":"https:\/\/camping.gorges-du-tarn.fr\/de\/wp-json\/wp\/v2\/pages\/2644\/revisions"}],"wp:attachment":[{"href":"https:\/\/camping.gorges-du-tarn.fr\/de\/wp-json\/wp\/v2\/media?parent=2644"}],"curies":[{"name":"wp","href":"https:\/\/api.w.org\/{rel}","templated":true}]}}