{"id":877,"date":"2026-03-11T15:38:35","date_gmt":"2026-03-11T14:38:35","guid":{"rendered":"http:\/\/camping.gorges-du-tarn.fr\/blog\/"},"modified":"2026-03-11T15:38:37","modified_gmt":"2026-03-11T14:38:37","slug":"news","status":"publish","type":"page","link":"https:\/\/camping.gorges-du-tarn.fr\/en\/actualites\/","title":{"rendered":"News"},"content":{"rendered":"<h2 class=\"wp-block-heading has-text-align-center has-text-color\" style=\"color:#69bf53\"><strong>Our news<\/strong><\/h2>\n\n\n        \n        <div class=\"wp-block-citadela-blocks ctdl-posts layout-box size-small grid-type-1 border-none show-item-featured-image show-item-date show-item-description show-item-categories custom-decor-color custom-date-color\">\n            \n<div class=\"citadela-block-articles\">\n    <div class=\"citadela-block-articles-wrap\">\n\n        \n<article class=\"citadela-directory-item has-thumbnail has-date has-description has-categories\" style=\"\"\">\n\n\t<div class=\"item-content\" style=\"\"\">\n\t\t\t\t<div class=\"item-thumbnail\">\n\t\t\t\t\t\t\t<span class=\"item-date\">\n\t\t\t\t\t<a href=\"https:\/\/camping.gorges-du-tarn.fr\/en\/2026\/04\/02\/\" rel=\"bookmark\" style=\"background-color: #69bf53;color: #ffffff;\">\n\t\t\t\t\t\t<span class=\"item-date-day\">02<\/span><span class=\"item-date-month\">Apr<\/span><span class=\"item-date-year\">2026<\/span>\n\t\t\t\t\t<\/a>\n\t\t\t\t<\/span>\n\t\t\t\t\t\t<a href=\"https:\/\/camping.gorges-du-tarn.fr\/en\/decouverte-gastronomie-lozerienne-camping-castelbouc\/\"><img decoding=\"async\" src=\"https:\/\/camping.gorges-du-tarn.fr\/wp-content\/uploads\/2026\/04\/marche-de-florac-1200-350-640x350.jpg\" class=\"item-image\" alt=\"Discover the gastronomy of Loz\u00e8re near Camping Le Site de Castelbouc.\"><\/a>\n\t\t<\/div>\n\t\t\n\t\t<div class=\"item-body\">\n\t\t\t<div class=\"item-title\">\n\t\t\t\t\t\t\t\t<a href=\"https:\/\/camping.gorges-du-tarn.fr\/en\/decouverte-gastronomie-lozerienne-camping-castelbouc\/\">\n\t\t\t\t\t<div class=\"item-title-wrap\">\n\t\t\t\t\t\t<div class=\"post-title\">\n\t\t\t\t\t\t\tDiscover the gastronomy of Loz\u00e8re near Camping Le Site de Castelbouc.\t\t\t\t\t\t<\/div>\n\t\t\t\t\t<\/div>\n\t\t\t\t<\/a>\n\t\t\t\t\t\t\t<\/div>\n\t\t\t\t\t\t<div class=\"item-text\">\n\t\t\t\t<div class=\"item-description\">\n\t\t\t\t\t<p>\n\t\t\t\t\t\t\t\t\t\t\t\tDiscover the gastronomy of Loz\u00e8re and its quality local products! Located in the heart of the Tarn Gorges in Loz\u00e8re, Camping Le Site de Castelbouc invites you on a culinary journey to savor local specialties. Whether with family, as a couple, or with friends, discover where to taste the local products and what to expect\u2026\t\t\t\t\t<\/p>\n\t\t\t\t\t<a href=\"https:\/\/camping.gorges-du-tarn.fr\/en\/decouverte-gastronomie-lozerienne-camping-castelbouc\/\" class=\"more\">View more<\/a>\n\t\t\t\t<\/div>\n\t\t\t<\/div>\n\t\t\t\t\t\t<div class=\"item-footer\" style=\"\"\">\n\t\t\t\t\t\t\t\t\t\t\t\t<div class=\"item-data categories\" style=\"\"\">\n\t\t\t\t\t<span class=\"label\">Categories<\/span>\n\t\t\t\t\t<span class=\"values\">\n\t\t\t\t\t\t\t\t\t\t\t\t<a href=\"https:\/\/camping.gorges-du-tarn.fr\/en\/categorie\/actualites\/\" class=\"value\" style=\"border-color: #69bf53;\"\">News<\/a>\n\t\t\t\t\t\t\t\t\t\t\t\t<a href=\"https:\/\/camping.gorges-du-tarn.fr\/en\/categorie\/actualites\/gastronomie-et-terroir\/\" class=\"value\" style=\"border-color: #69bf53;\"\">Gastronomy and local produce<\/a>\n\t\t\t\t\t\t\t\t\t\t\t<\/span>\n\t\t\t\t<\/div>\n\t\t\t\t\t\t\t<\/div>\n\t\t<\/div>\n\t<\/div>\n\n<\/article>\n\n<article class=\"citadela-directory-item has-thumbnail has-date has-description has-categories\" style=\"\"\">\n\n\t<div class=\"item-content\" style=\"\"\">\n\t\t\t\t<div class=\"item-thumbnail\">\n\t\t\t\t\t\t\t<span class=\"item-date\">\n\t\t\t\t\t<a href=\"https:\/\/camping.gorges-du-tarn.fr\/en\/2026\/03\/21\/\" rel=\"bookmark\" style=\"background-color: #69bf53;color: #ffffff;\">\n\t\t\t\t\t\t<span class=\"item-date-day\">21<\/span><span class=\"item-date-month\">Mar<\/span><span class=\"item-date-year\">2026<\/span>\n\t\t\t\t\t<\/a>\n\t\t\t\t<\/span>\n\t\t\t\t\t\t<a href=\"https:\/\/camping.gorges-du-tarn.fr\/en\/hors-saison-estivale-profitez-du-calme-du-camping-de-castelbouc-en-avril-mai-juin-et-septembre\/\"><img decoding=\"async\" src=\"https:\/\/camping.gorges-du-tarn.fr\/wp-content\/uploads\/2026\/03\/hors-saison-en-gorges-du-tarn-profiter-du-calme-de-640x350.jpg\" class=\"item-image\" alt=\"Outside of the summer season, in the Tarn Gorges: enjoy the peace and quiet of Camping de Castelbouc in April, May, June and September.\"><\/a>\n\t\t<\/div>\n\t\t\n\t\t<div class=\"item-body\">\n\t\t\t<div class=\"item-title\">\n\t\t\t\t\t\t\t\t<a href=\"https:\/\/camping.gorges-du-tarn.fr\/en\/hors-saison-estivale-profitez-du-calme-du-camping-de-castelbouc-en-avril-mai-juin-et-septembre\/\">\n\t\t\t\t\t<div class=\"item-title-wrap\">\n\t\t\t\t\t\t<div class=\"post-title\">\n\t\t\t\t\t\t\tOutside of the summer season, in the Tarn Gorges: enjoy the peace and quiet of Camping de Castelbouc in April, May, June and September.\t\t\t\t\t\t<\/div>\n\t\t\t\t\t<\/div>\n\t\t\t\t<\/a>\n\t\t\t\t\t\t\t<\/div>\n\t\t\t\t\t\t<div class=\"item-text\">\n\t\t\t\t<div class=\"item-description\">\n\t\t\t\t\t<p>\n\t\t\t\t\t\t\t\t\t\t\t\tSpring and autumn are ideal times to enjoy the Tarn Gorges in complete tranquility! Discover the authentic charm and peacefulness of Le Site de Castelbouc campsite, located at the gateway to the C\u00e9vennes National Park and in the heart of the Tarn Gorges. Outside of the summer season\u2026\t\t\t\t\t<\/p>\n\t\t\t\t\t<a href=\"https:\/\/camping.gorges-du-tarn.fr\/en\/hors-saison-estivale-profitez-du-calme-du-camping-de-castelbouc-en-avril-mai-juin-et-septembre\/\" class=\"more\">View more<\/a>\n\t\t\t\t<\/div>\n\t\t\t<\/div>\n\t\t\t\t\t\t<div class=\"item-footer\" style=\"\"\">\n\t\t\t\t\t\t\t\t\t\t\t\t<div class=\"item-data categories\" style=\"\"\">\n\t\t\t\t\t<span class=\"label\">Categories<\/span>\n\t\t\t\t\t<span class=\"values\">\n\t\t\t\t\t\t\t\t\t\t\t\t<a href=\"https:\/\/camping.gorges-du-tarn.fr\/en\/categorie\/actualites\/\" class=\"value\" style=\"border-color: #69bf53;\"\">News<\/a>\n\t\t\t\t\t\t\t\t\t\t\t\t<a href=\"https:\/\/camping.gorges-du-tarn.fr\/en\/categorie\/actualites\/camping-le-site-de-castelbouc\/\" class=\"value\" style=\"border-color: #69bf53;\"\">Castelbouc Campsite<\/a>\n\t\t\t\t\t\t\t\t\t\t\t<\/span>\n\t\t\t\t<\/div>\n\t\t\t\t\t\t\t<\/div>\n\t\t<\/div>\n\t<\/div>\n\n<\/article>\n\n<article class=\"citadela-directory-item has-thumbnail has-date has-description has-categories\" style=\"\"\">\n\n\t<div class=\"item-content\" style=\"\"\">\n\t\t\t\t<div class=\"item-thumbnail\">\n\t\t\t\t\t\t\t<span class=\"item-date\">\n\t\t\t\t\t<a href=\"https:\/\/camping.gorges-du-tarn.fr\/en\/2026\/02\/20\/\" rel=\"bookmark\" style=\"background-color: #69bf53;color: #ffffff;\">\n\t\t\t\t\t\t<span class=\"item-date-day\">20<\/span><span class=\"item-date-month\">Feb<\/span><span class=\"item-date-year\">2026<\/span>\n\t\t\t\t\t<\/a>\n\t\t\t\t<\/span>\n\t\t\t\t\t\t<a href=\"https:\/\/camping.gorges-du-tarn.fr\/en\/nettoyage-des-berges-du-tarn\/\"><img decoding=\"async\" src=\"https:\/\/camping.gorges-du-tarn.fr\/wp-content\/uploads\/2026\/02\/camping_le_site_plage_tarn_1200x350_06-640x350.jpg\" class=\"item-image\" alt=\"Cleaning the banks of the Tarn.\"><\/a>\n\t\t<\/div>\n\t\t\n\t\t<div class=\"item-body\">\n\t\t\t<div class=\"item-title\">\n\t\t\t\t\t\t\t\t<a href=\"https:\/\/camping.gorges-du-tarn.fr\/en\/nettoyage-des-berges-du-tarn\/\">\n\t\t\t\t\t<div class=\"item-title-wrap\">\n\t\t\t\t\t\t<div class=\"post-title\">\n\t\t\t\t\t\t\tCleaning the banks of the Tarn.\t\t\t\t\t\t<\/div>\n\t\t\t\t\t<\/div>\n\t\t\t\t<\/a>\n\t\t\t\t\t\t\t<\/div>\n\t\t\t\t\t\t<div class=\"item-text\">\n\t\t\t\t<div class=\"item-description\">\n\t\t\t\t\t<p>\n\t\t\t\t\t\t\t\t\t\t\t\tOn March 21st, we&#039;re rolling up our sleeves: the goal is &quot;Clean Nature&quot; in Castelbouc! At the &quot;Le Site de Castelbouc&quot; campsite, our daily life is surrounded by the wild beauty of the Tarn Gorges. But this beauty is fragile, and it needs our help. Like every year, on March 21st,\u2026\t\t\t\t\t<\/p>\n\t\t\t\t\t<a href=\"https:\/\/camping.gorges-du-tarn.fr\/en\/nettoyage-des-berges-du-tarn\/\" class=\"more\">View more<\/a>\n\t\t\t\t<\/div>\n\t\t\t<\/div>\n\t\t\t\t\t\t<div class=\"item-footer\" style=\"\"\">\n\t\t\t\t\t\t\t\t\t\t\t\t<div class=\"item-data categories\" style=\"\"\">\n\t\t\t\t\t<span class=\"label\">Categories<\/span>\n\t\t\t\t\t<span class=\"values\">\n\t\t\t\t\t\t\t\t\t\t\t\t<a href=\"https:\/\/camping.gorges-du-tarn.fr\/en\/categorie\/actualites\/\" class=\"value\" style=\"border-color: #69bf53;\"\">News<\/a>\n\t\t\t\t\t\t\t\t\t\t\t\t<a href=\"https:\/\/camping.gorges-du-tarn.fr\/en\/categorie\/actualites\/camping-le-site-de-castelbouc\/\" class=\"value\" style=\"border-color: #69bf53;\"\">Castelbouc Campsite<\/a>\n\t\t\t\t\t\t\t\t\t\t\t<\/span>\n\t\t\t\t<\/div>\n\t\t\t\t\t\t\t<\/div>\n\t\t<\/div>\n\t<\/div>\n\n<\/article>\n\n<article class=\"citadela-directory-item has-thumbnail has-date has-description has-categories\" style=\"\"\">\n\n\t<div class=\"item-content\" style=\"\"\">\n\t\t\t\t<div class=\"item-thumbnail\">\n\t\t\t\t\t\t\t<span class=\"item-date\">\n\t\t\t\t\t<a href=\"https:\/\/camping.gorges-du-tarn.fr\/en\/2026\/02\/19\/\" rel=\"bookmark\" style=\"background-color: #69bf53;color: #ffffff;\">\n\t\t\t\t\t\t<span class=\"item-date-day\">19<\/span><span class=\"item-date-month\">Feb<\/span><span class=\"item-date-year\">2026<\/span>\n\t\t\t\t\t<\/a>\n\t\t\t\t<\/span>\n\t\t\t\t\t\t<a href=\"https:\/\/camping.gorges-du-tarn.fr\/en\/affaires-utiles-pour-sejourner-au-camping\/\"><img decoding=\"async\" src=\"https:\/\/camping.gorges-du-tarn.fr\/wp-content\/uploads\/2026\/01\/camping_le_site_emplacements_tentes_1200x350_04-640x350.jpg\" class=\"item-image\" alt=\"Useful items for your camping trip.\"><\/a>\n\t\t<\/div>\n\t\t\n\t\t<div class=\"item-body\">\n\t\t\t<div class=\"item-title\">\n\t\t\t\t\t\t\t\t<a href=\"https:\/\/camping.gorges-du-tarn.fr\/en\/affaires-utiles-pour-sejourner-au-camping\/\">\n\t\t\t\t\t<div class=\"item-title-wrap\">\n\t\t\t\t\t\t<div class=\"post-title\">\n\t\t\t\t\t\t\tUseful items for your camping trip.\t\t\t\t\t\t<\/div>\n\t\t\t\t\t<\/div>\n\t\t\t\t<\/a>\n\t\t\t\t\t\t\t<\/div>\n\t\t\t\t\t\t<div class=\"item-text\">\n\t\t\t\t<div class=\"item-description\">\n\t\t\t\t\t<p>\n\t\t\t\t\t\t\t\t\t\t\t\tCamper&#039;s Survival Guide: What to Pack for the Tarn Gorges? Ah, holidays in Loz\u00e8re! The sound of the water, the majestic cliffs, and evenings under the stars\u2026 But before your stay at the &quot;Le Site de Castelbouc&quot; campsite, there&#039;s\u2026\t\t\t\t\t<\/p>\n\t\t\t\t\t<a href=\"https:\/\/camping.gorges-du-tarn.fr\/en\/affaires-utiles-pour-sejourner-au-camping\/\" class=\"more\">View more<\/a>\n\t\t\t\t<\/div>\n\t\t\t<\/div>\n\t\t\t\t\t\t<div class=\"item-footer\" style=\"\"\">\n\t\t\t\t\t\t\t\t\t\t\t\t<div class=\"item-data categories\" style=\"\"\">\n\t\t\t\t\t<span class=\"label\">Categories<\/span>\n\t\t\t\t\t<span class=\"values\">\n\t\t\t\t\t\t\t\t\t\t\t\t<a href=\"https:\/\/camping.gorges-du-tarn.fr\/en\/categorie\/actualites\/\" class=\"value\" style=\"border-color: #69bf53;\"\">News<\/a>\n\t\t\t\t\t\t\t\t\t\t\t\t<a href=\"https:\/\/camping.gorges-du-tarn.fr\/en\/categorie\/actualites\/camping-le-site-de-castelbouc\/\" class=\"value\" style=\"border-color: #69bf53;\"\">Castelbouc Campsite<\/a>\n\t\t\t\t\t\t\t\t\t\t\t<\/span>\n\t\t\t\t<\/div>\n\t\t\t\t\t\t\t<\/div>\n\t\t<\/div>\n\t<\/div>\n\n<\/article>\n\n<article class=\"citadela-directory-item has-thumbnail has-date has-description has-categories\" style=\"\"\">\n\n\t<div class=\"item-content\" style=\"\"\">\n\t\t\t\t<div class=\"item-thumbnail\">\n\t\t\t\t\t\t\t<span class=\"item-date\">\n\t\t\t\t\t<a href=\"https:\/\/camping.gorges-du-tarn.fr\/en\/2026\/02\/17\/\" rel=\"bookmark\" style=\"background-color: #69bf53;color: #ffffff;\">\n\t\t\t\t\t\t<span class=\"item-date-day\">17<\/span><span class=\"item-date-month\">Feb<\/span><span class=\"item-date-year\">2026<\/span>\n\t\t\t\t\t<\/a>\n\t\t\t\t<\/span>\n\t\t\t\t\t\t<a href=\"https:\/\/camping.gorges-du-tarn.fr\/en\/castelbouc-village-au-coeur-des-gorges-du-tarn\/\"><img decoding=\"async\" src=\"https:\/\/camping.gorges-du-tarn.fr\/wp-content\/uploads\/2026\/03\/village_castelbouc_1200x350_01-640x350.jpg\" class=\"item-image\" alt=\"Castelbouc: a visit to a secret village nestled in the heart of the Tarn Gorges.\"><\/a>\n\t\t<\/div>\n\t\t\n\t\t<div class=\"item-body\">\n\t\t\t<div class=\"item-title\">\n\t\t\t\t\t\t\t\t<a href=\"https:\/\/camping.gorges-du-tarn.fr\/en\/castelbouc-village-au-coeur-des-gorges-du-tarn\/\">\n\t\t\t\t\t<div class=\"item-title-wrap\">\n\t\t\t\t\t\t<div class=\"post-title\">\n\t\t\t\t\t\t\tCastelbouc: a visit to a secret village nestled in the heart of the Tarn Gorges.\t\t\t\t\t\t<\/div>\n\t\t\t\t\t<\/div>\n\t\t\t\t<\/a>\n\t\t\t\t\t\t\t<\/div>\n\t\t\t\t\t\t<div class=\"item-text\">\n\t\t\t\t<div class=\"item-description\">\n\t\t\t\t\t<p>\n\t\t\t\t\t\t\t\t\t\t\t\tIntroduction: Imagine a medieval village seemingly carved from the rock itself, overlooking the crystal-clear waters of the Tarn River\u2026 Welcome to Castelbouc! Accessible only by a small bridge or on foot, this hamlet is one of the best-preserved gems of the Loz\u00e8re region. Whether you are a lover of old stones,\u2026\t\t\t\t\t<\/p>\n\t\t\t\t\t<a href=\"https:\/\/camping.gorges-du-tarn.fr\/en\/castelbouc-village-au-coeur-des-gorges-du-tarn\/\" class=\"more\">View more<\/a>\n\t\t\t\t<\/div>\n\t\t\t<\/div>\n\t\t\t\t\t\t<div class=\"item-footer\" style=\"\"\">\n\t\t\t\t\t\t\t\t\t\t\t\t<div class=\"item-data categories\" style=\"\"\">\n\t\t\t\t\t<span class=\"label\">Categories<\/span>\n\t\t\t\t\t<span class=\"values\">\n\t\t\t\t\t\t\t\t\t\t\t\t<a href=\"https:\/\/camping.gorges-du-tarn.fr\/en\/categorie\/actualites\/a-visiter\/\" class=\"value\" style=\"border-color: #69bf53;\"\">Worth visiting<\/a>\n\t\t\t\t\t\t\t\t\t\t\t\t<a href=\"https:\/\/camping.gorges-du-tarn.fr\/en\/categorie\/actualites\/\" class=\"value\" style=\"border-color: #69bf53;\"\">News<\/a>\n\t\t\t\t\t\t\t\t\t\t\t<\/span>\n\t\t\t\t<\/div>\n\t\t\t\t\t\t\t<\/div>\n\t\t<\/div>\n\t<\/div>\n\n<\/article>\n\n    <\/div>\n<\/div>        <\/div>","protected":false},"excerpt":{"rendered":"<p>Our news<\/p>","protected":false},"author":2,"featured_media":0,"parent":0,"menu_order":0,"comment_status":"closed","ping_status":"closed","template":"","meta":{"_citadela_hide_page_title":"1","_citadela_remove_header_space":"1","_citadela_custom_class":"","_citadela_half_map_provider":"","_citadela_half_map_theme":"","_citadela_half_map_themeOSM":"","_citadela_half_map_customTheme":"","_citadela_half_map_dataType":"","_citadela_half_map_dynamicTrack":false,"_citadela_half_map_trackColor":"","_citadela_half_map_trackEndpointsColor":"","_citadela_half_map_filterCategory":"","_citadela_half_map_filterLocation":"","_citadela_half_map_filterFeatured":false,"_citadela_half_map_noDataBehavior":"empty-map","_citadela_half_map_noDataText":"","_citadela_half_map_clusterGridSize":80,"_citadela_header":false,"_citadela_header_over_content":false,"_citadela_header_text_color":"","_citadela_header_logo":[],"_citadela_header_bg_image":[],"_citadela_header_bg_position":{"x":0.5,"y":0.5},"_citadela_header_bg_size":"cover","_citadela_header_bg_repeat":"no-repeat","_citadela_header_bg_fixed":false,"_citadela_header_bg_color":"","_citadela_header_bg_image_overlay":"","_citadela_header_transparent_bg":false,"_citadela_content_width":"","_citadela_half_layout_position":"","footnotes":""},"class_list":["post-877","page","type-page","status-publish","hentry"],"yoast_head":"<!-- This site is optimized with the Yoast SEO plugin v27.3 - https:\/\/yoast.com\/product\/yoast-seo-wordpress\/ -->\n<title>Actualit\u00e9s - Camping Le Site de Castelbouc<\/title>\n<meta name=\"description\" content=\"Camping familial \u2605\u2605 \u00e0 Sainte\u2011Enimie (Loz\u00e8re) - Plage priv\u00e9e sur le Tarn, d\u00e9part cano\u00eb sur place, mobil-homes, tipis et emplacements. Wifi, laverie, accueil randonneurs. Contact : camping.de.castelbouc@gorges-du-tarn.fr\" \/>\n<meta name=\"robots\" content=\"index, follow, max-snippet:-1, max-image-preview:large, max-video-preview:-1\" \/>\n<link rel=\"canonical\" href=\"https:\/\/camping.gorges-du-tarn.fr\/en\/news\/\" \/>\n<meta property=\"og:locale\" content=\"en_GB\" \/>\n<meta property=\"og:type\" content=\"article\" \/>\n<meta property=\"og:title\" content=\"Actualit\u00e9s - Camping Le Site de Castelbouc\" \/>\n<meta property=\"og:description\" content=\"Camping familial \u2605\u2605 \u00e0 Sainte\u2011Enimie (Loz\u00e8re) - Plage priv\u00e9e sur le Tarn, d\u00e9part cano\u00eb sur place, mobil-homes, tipis et emplacements. Wifi, laverie, accueil randonneurs. Contact : camping.de.castelbouc@gorges-du-tarn.fr\" \/>\n<meta property=\"og:url\" content=\"https:\/\/camping.gorges-du-tarn.fr\/en\/news\/\" \/>\n<meta property=\"og:site_name\" content=\"Camping Le Site de Castelbouc\" \/>\n<meta property=\"article:publisher\" content=\"https:\/\/www.facebook.com\/Camping.Castelbouc.Gorges.du.Tarn\/\" \/>\n<meta property=\"article:modified_time\" content=\"2026-03-11T14:38:37+00:00\" \/>\n<meta property=\"og:image\" content=\"https:\/\/camping.gorges-du-tarn.fr\/wp-content\/uploads\/2026\/03\/camping-le-site-de-castelbouc-1200x675-1.png\" \/>\n\t<meta property=\"og:image:width\" content=\"1200\" \/>\n\t<meta property=\"og:image:height\" content=\"675\" \/>\n\t<meta property=\"og:image:type\" content=\"image\/png\" \/>\n<meta name=\"twitter:card\" content=\"summary_large_image\" \/>\n<meta name=\"twitter:label1\" content=\"Estimated reading time\" \/>\n\t<meta name=\"twitter:data1\" content=\"1 minute\" \/>\n<script type=\"application\/ld+json\" class=\"yoast-schema-graph\">{\"@context\":\"https:\\\/\\\/schema.org\",\"@graph\":[{\"@type\":\"WebPage\",\"@id\":\"https:\\\/\\\/camping.gorges-du-tarn.fr\\\/actualites\\\/\",\"url\":\"https:\\\/\\\/camping.gorges-du-tarn.fr\\\/actualites\\\/\",\"name\":\"Actualit\u00e9s - Camping Le Site de Castelbouc\",\"isPartOf\":{\"@id\":\"https:\\\/\\\/camping.gorges-du-tarn.fr\\\/#website\"},\"datePublished\":\"2026-03-11T14:38:35+00:00\",\"dateModified\":\"2026-03-11T14:38:37+00:00\",\"description\":\"Camping familial \u2605\u2605 \u00e0 Sainte\u2011Enimie (Loz\u00e8re) - Plage priv\u00e9e sur le Tarn, d\u00e9part cano\u00eb sur place, mobil-homes, tipis et emplacements. Wifi, laverie, accueil randonneurs. Contact : camping.de.castelbouc@gorges-du-tarn.fr\",\"breadcrumb\":{\"@id\":\"https:\\\/\\\/camping.gorges-du-tarn.fr\\\/actualites\\\/#breadcrumb\"},\"inLanguage\":\"en-GB\",\"potentialAction\":[{\"@type\":\"ReadAction\",\"target\":[\"https:\\\/\\\/camping.gorges-du-tarn.fr\\\/actualites\\\/\"]}]},{\"@type\":\"BreadcrumbList\",\"@id\":\"https:\\\/\\\/camping.gorges-du-tarn.fr\\\/actualites\\\/#breadcrumb\",\"itemListElement\":[{\"@type\":\"ListItem\",\"position\":1,\"name\":\"Accueil\",\"item\":\"https:\\\/\\\/camping.gorges-du-tarn.fr\\\/\"},{\"@type\":\"ListItem\",\"position\":2,\"name\":\"Actualit\u00e9s\"}]},{\"@type\":\"WebSite\",\"@id\":\"https:\\\/\\\/camping.gorges-du-tarn.fr\\\/#website\",\"url\":\"https:\\\/\\\/camping.gorges-du-tarn.fr\\\/\",\"name\":\"Camping Le Site de Castelbouc\",\"description\":\"Sainte-Enimie - Loz\u00e8re - Occitanie\",\"publisher\":{\"@id\":\"https:\\\/\\\/camping.gorges-du-tarn.fr\\\/#organization\"},\"alternateName\":\"Camping de Castelbouc\",\"potentialAction\":[{\"@type\":\"SearchAction\",\"target\":{\"@type\":\"EntryPoint\",\"urlTemplate\":\"https:\\\/\\\/camping.gorges-du-tarn.fr\\\/?s={search_term_string}\"},\"query-input\":{\"@type\":\"PropertyValueSpecification\",\"valueRequired\":true,\"valueName\":\"search_term_string\"}}],\"inLanguage\":\"en-GB\"},{\"@type\":\"Organization\",\"@id\":\"https:\\\/\\\/camping.gorges-du-tarn.fr\\\/#organization\",\"name\":\"Camping \\\"Le Site de Castelbouc\\\"\",\"alternateName\":\"Le Site de Castelbouc\",\"url\":\"https:\\\/\\\/camping.gorges-du-tarn.fr\\\/\",\"logo\":{\"@type\":\"ImageObject\",\"inLanguage\":\"en-GB\",\"@id\":\"https:\\\/\\\/camping.gorges-du-tarn.fr\\\/#\\\/schema\\\/logo\\\/image\\\/\",\"url\":\"https:\\\/\\\/camping.gorges-du-tarn.fr\\\/wp-content\\\/uploads\\\/2023\\\/03\\\/cropped-camping_le_site_de_castelbouc_logo_267x125.png\",\"contentUrl\":\"https:\\\/\\\/camping.gorges-du-tarn.fr\\\/wp-content\\\/uploads\\\/2023\\\/03\\\/cropped-camping_le_site_de_castelbouc_logo_267x125.png\",\"width\":267,\"height\":125,\"caption\":\"Camping \\\"Le Site de Castelbouc\\\"\"},\"image\":{\"@id\":\"https:\\\/\\\/camping.gorges-du-tarn.fr\\\/#\\\/schema\\\/logo\\\/image\\\/\"},\"sameAs\":[\"https:\\\/\\\/www.facebook.com\\\/Camping.Castelbouc.Gorges.du.Tarn\\\/\"]}]}<\/script>\n<!-- \/ Yoast SEO plugin. -->","yoast_head_json":{"title":"News - Le Site de Castelbouc Campsite","description":"Family-run campsite \u2605\u2605 in Sainte-Enimie (Loz\u00e8re) - Private beach on the Tarn River, canoe departure point on site, mobile homes, tipis and pitches. Wi-Fi, laundry facilities, hiker welcome. Contact: camping.de.castelbouc@gorges-du-tarn.fr","robots":{"index":"index","follow":"follow","max-snippet":"max-snippet:-1","max-image-preview":"max-image-preview:large","max-video-preview":"max-video-preview:-1"},"canonical":"https:\/\/camping.gorges-du-tarn.fr\/en\/news\/","og_locale":"en_GB","og_type":"article","og_title":"Actualit\u00e9s - Camping Le Site de Castelbouc","og_description":"Camping familial \u2605\u2605 \u00e0 Sainte\u2011Enimie (Loz\u00e8re) - Plage priv\u00e9e sur le Tarn, d\u00e9part cano\u00eb sur place, mobil-homes, tipis et emplacements. Wifi, laverie, accueil randonneurs. Contact : camping.de.castelbouc@gorges-du-tarn.fr","og_url":"https:\/\/camping.gorges-du-tarn.fr\/en\/news\/","og_site_name":"Camping Le Site de Castelbouc","article_publisher":"https:\/\/www.facebook.com\/Camping.Castelbouc.Gorges.du.Tarn\/","article_modified_time":"2026-03-11T14:38:37+00:00","og_image":[{"width":1200,"height":675,"url":"https:\/\/camping.gorges-du-tarn.fr\/wp-content\/uploads\/2026\/03\/camping-le-site-de-castelbouc-1200x675-1.png","type":"image\/png"}],"twitter_card":"summary_large_image","twitter_misc":{"Estimated reading time":"1 minute"},"schema":{"@context":"https:\/\/schema.org","@graph":[{"@type":"WebPage","@id":"https:\/\/camping.gorges-du-tarn.fr\/actualites\/","url":"https:\/\/camping.gorges-du-tarn.fr\/actualites\/","name":"News - Le Site de Castelbouc Campsite","isPartOf":{"@id":"https:\/\/camping.gorges-du-tarn.fr\/#website"},"datePublished":"2026-03-11T14:38:35+00:00","dateModified":"2026-03-11T14:38:37+00:00","description":"Family-run campsite \u2605\u2605 in Sainte-Enimie (Loz\u00e8re) - Private beach on the Tarn River, canoe departure point on site, mobile homes, tipis and pitches. Wi-Fi, laundry facilities, hiker welcome. Contact: camping.de.castelbouc@gorges-du-tarn.fr","breadcrumb":{"@id":"https:\/\/camping.gorges-du-tarn.fr\/actualites\/#breadcrumb"},"inLanguage":"en-GB","potentialAction":[{"@type":"ReadAction","target":["https:\/\/camping.gorges-du-tarn.fr\/actualites\/"]}]},{"@type":"BreadcrumbList","@id":"https:\/\/camping.gorges-du-tarn.fr\/actualites\/#breadcrumb","itemListElement":[{"@type":"ListItem","position":1,"name":"Accueil","item":"https:\/\/camping.gorges-du-tarn.fr\/"},{"@type":"ListItem","position":2,"name":"Actualit\u00e9s"}]},{"@type":"WebSite","@id":"https:\/\/camping.gorges-du-tarn.fr\/#website","url":"https:\/\/camping.gorges-du-tarn.fr\/","name":"Camping Le Site de Castelbouc","description":"Sainte-Enimie - Loz\u00e8re - Occitanie","publisher":{"@id":"https:\/\/camping.gorges-du-tarn.fr\/#organization"},"alternateName":"Camping de Castelbouc","potentialAction":[{"@type":"SearchAction","target":{"@type":"EntryPoint","urlTemplate":"https:\/\/camping.gorges-du-tarn.fr\/?s={search_term_string}"},"query-input":{"@type":"PropertyValueSpecification","valueRequired":true,"valueName":"search_term_string"}}],"inLanguage":"en-GB"},{"@type":"Organization","@id":"https:\/\/camping.gorges-du-tarn.fr\/#organization","name":"Camping &quot;Le Site de Castelbouc&quot;\"","alternateName":"Le Site de Castelbouc","url":"https:\/\/camping.gorges-du-tarn.fr\/","logo":{"@type":"ImageObject","inLanguage":"en-GB","@id":"https:\/\/camping.gorges-du-tarn.fr\/#\/schema\/logo\/image\/","url":"https:\/\/camping.gorges-du-tarn.fr\/wp-content\/uploads\/2023\/03\/cropped-camping_le_site_de_castelbouc_logo_267x125.png","contentUrl":"https:\/\/camping.gorges-du-tarn.fr\/wp-content\/uploads\/2023\/03\/cropped-camping_le_site_de_castelbouc_logo_267x125.png","width":267,"height":125,"caption":"Camping \"Le Site de Castelbouc\""},"image":{"@id":"https:\/\/camping.gorges-du-tarn.fr\/#\/schema\/logo\/image\/"},"sameAs":["https:\/\/www.facebook.com\/Camping.Castelbouc.Gorges.du.Tarn\/"]}]}},"_links":{"self":[{"href":"https:\/\/camping.gorges-du-tarn.fr\/en\/wp-json\/wp\/v2\/pages\/877","targetHints":{"allow":["GET"]}}],"collection":[{"href":"https:\/\/camping.gorges-du-tarn.fr\/en\/wp-json\/wp\/v2\/pages"}],"about":[{"href":"https:\/\/camping.gorges-du-tarn.fr\/en\/wp-json\/wp\/v2\/types\/page"}],"author":[{"embeddable":true,"href":"https:\/\/camping.gorges-du-tarn.fr\/en\/wp-json\/wp\/v2\/users\/2"}],"replies":[{"embeddable":true,"href":"https:\/\/camping.gorges-du-tarn.fr\/en\/wp-json\/wp\/v2\/comments?post=877"}],"version-history":[{"count":15,"href":"https:\/\/camping.gorges-du-tarn.fr\/en\/wp-json\/wp\/v2\/pages\/877\/revisions"}],"predecessor-version":[{"id":3800,"href":"https:\/\/camping.gorges-du-tarn.fr\/en\/wp-json\/wp\/v2\/pages\/877\/revisions\/3800"}],"wp:attachment":[{"href":"https:\/\/camping.gorges-du-tarn.fr\/en\/wp-json\/wp\/v2\/media?parent=877"}],"curies":[{"name":"wp","href":"https:\/\/api.w.org\/{rel}","templated":true}]}}