{"id":2644,"date":"2026-03-11T15:40:44","date_gmt":"2026-03-11T14:40:44","guid":{"rendered":"https:\/\/camping.gorges-du-tarn.fr\/?page_id=2644"},"modified":"2026-04-01T20:16:54","modified_gmt":"2026-04-01T18:16:54","slug":"avisos-legales","status":"publish","type":"page","link":"https:\/\/camping.gorges-du-tarn.fr\/es\/mentions-legales\/","title":{"rendered":"Aviso legal"},"content":{"rendered":"<div class=\"wp-block-citadela-blocks-custom-container citadela-block-custom-container size-wide bg-type-none inside-space-none\"><div class=\"inner-holder\">\n<div style=\"height:0px\" aria-hidden=\"true\" class=\"wp-block-spacer\"><\/div>\n\n\n\n<figure class=\"wp-block-image alignwide size-large\"><img loading=\"lazy\" decoding=\"async\" width=\"1024\" height=\"299\" src=\"https:\/\/camping.gorges-du-tarn.fr\/wp-content\/uploads\/2026\/03\/camping-castelbouc-gorges-du-tarn-1200-350-1024x299.webp\" alt=\"Paysage typique des Gorges du Tarn\" class=\"wp-image-4545\" srcset=\"https:\/\/camping.gorges-du-tarn.fr\/wp-content\/uploads\/2026\/03\/camping-castelbouc-gorges-du-tarn-1200-350-1024x299.webp 1024w, https:\/\/camping.gorges-du-tarn.fr\/wp-content\/uploads\/2026\/03\/camping-castelbouc-gorges-du-tarn-1200-350-300x88.webp 300w, https:\/\/camping.gorges-du-tarn.fr\/wp-content\/uploads\/2026\/03\/camping-castelbouc-gorges-du-tarn-1200-350-768x224.webp 768w, https:\/\/camping.gorges-du-tarn.fr\/wp-content\/uploads\/2026\/03\/camping-castelbouc-gorges-du-tarn-1200-350-18x5.webp 18w, https:\/\/camping.gorges-du-tarn.fr\/wp-content\/uploads\/2026\/03\/camping-castelbouc-gorges-du-tarn-1200-350.webp 1200w\" sizes=\"auto, (max-width: 1024px) 100vw, 1024px\" \/><\/figure>\n\n\n\n<h2 class=\"wp-block-heading has-text-align-center has-text-color\" style=\"color:#69bf53\"><strong>Aviso legal<\/strong><\/h2>\n\n\n\n<div class=\"wp-block-citadela-blocks-spacer citadela-block-spacer\"><div class=\"inner-holder\" style=\"padding-top:10px\"><\/div><\/div>\n\n\n\n<p><strong>Due\u00f1o :<\/strong><br>S.A.S 2L<br>50 Castelbouc Road<br>El C\u00e9ret<br>48210 GARGANTAS DEL TARN CAUSSES<br>(Loz\u00e8re \/ Occitania \/ Francia)<br>RCS: Mende \u2013 SIRET: 91036817400017<br>N\u00famero de IVA: FR82910368174<br>C\u00f3digo NAF: 5530Z<br><strong>Director de publicaci\u00f3n:<\/strong><br>Erika BOSC \u2013 HERLLE (Camping (2 estrellas) Le Site de Castelbouc en las Gargantas del Tarn) \u2013 <a href=\"mailto:camping.de.castelbouc@gorges-du-tarn.fr\"><strong>camping.de.castelbouc@gorges-du-tarn.fr<\/strong><\/a><br><strong>Tel\u00e9fono :<\/strong> 04 66 48 58 08<br><strong>Webmaster:<\/strong> Philippe Montalbetti \u2013 <a href=\"mailto:philippe.montalbetti@ecotourisme.eu\"><strong>philippe.montalbetti@ecotourisme.eu<\/strong><\/a><br><strong>Alojamiento de sitios web:<\/strong> alojado en un servidor de OVH \u2013 2 rue Kellermann \u2013 59100 Roubaix \u2013 Francia<br><strong>Delegado de Protecci\u00f3n de Datos:<\/strong> Erika BOSC \u2013 <a href=\"mailto:camping.lesite@wanadoo.fr\"><\/a><a href=\"mailto:camping.de.castelbouc@gorges-du-tarn.fr\"><strong>camping.de.castelbouc@gorges-du-tarn.fr<\/strong><\/a><\/p>\n\n\n\n<p style=\"text-align: justify;\"><strong>Uso y divulgaci\u00f3n de datos personales:<\/strong><br \/>De conformidad con la Ley de Protecci\u00f3n de Datos de Francia del 6 de enero de 1978, en su versi\u00f3n modificada, usted tiene derecho a acceder y rectificar la informaci\u00f3n que le concierne. Si desea ejercer este derecho y obtener una copia de sus datos personales, p\u00f3ngase en contacto con el administrador del camping.<br \/>El camping utiliza datos personales \u00fanicamente para los siguientes fines:<br \/>\u2013 administraci\u00f3n t\u00e9cnica del sitio web, con el fin de darle acceso a informaci\u00f3n espec\u00edfica;<br \/>\u2013 la comunicaci\u00f3n con usted como parte de la gesti\u00f3n de la relaci\u00f3n con el cliente.<br \/>Sus datos personales en ning\u00fan caso ser\u00e1n cedidos a terceros, ni utilizados para ning\u00fan otro fin.<\/p>\n\n\n\n<div class=\"wp-block-citadela-blocks-spacer citadela-block-spacer\"><div class=\"inner-holder\" style=\"padding-top:10px\"><\/div><\/div>\n\n\n\n<h2 class=\"wp-block-heading has-text-align-center has-text-color\" style=\"color:#69bf53\"><strong>Condiciones generales de venta<\/strong><\/h2>\n\n\n\n<h4 class=\"wp-block-heading has-text-align-center\"><strong>Parcelas de camping y alojamientos de alquiler:<\/strong><\/h4>\n\n\n\n<p class=\"has-text-align-center\"><strong><a href=\"http:\/\/camping.gorges-du-tarn.fr\/wp-content\/uploads\/cgv\/camping-le-site-de-castelbouc-cgv-2026.pdf\" target=\"_blank\" rel=\"noreferrer noopener\">Descargar las condiciones generales de venta 2026<\/a><\/strong><br><\/p>\n<\/div><\/div>","protected":false},"excerpt":{"rendered":"","protected":false},"author":2,"featured_media":0,"parent":0,"menu_order":0,"comment_status":"closed","ping_status":"closed","template":"","meta":{"_citadela_hide_page_title":"1","_citadela_remove_header_space":"1","_citadela_custom_class":"","_citadela_half_map_provider":"","_citadela_half_map_theme":"","_citadela_half_map_themeOSM":"","_citadela_half_map_customTheme":"","_citadela_half_map_dataType":"","_citadela_half_map_dynamicTrack":false,"_citadela_half_map_trackColor":"","_citadela_half_map_trackEndpointsColor":"","_citadela_half_map_filterCategory":"","_citadela_half_map_filterLocation":"","_citadela_half_map_filterFeatured":false,"_citadela_half_map_noDataBehavior":"empty-map","_citadela_half_map_noDataText":"","_citadela_half_map_clusterGridSize":80,"_citadela_header":false,"_citadela_header_over_content":false,"_citadela_header_text_color":"","_citadela_header_logo":[],"_citadela_header_bg_image":[],"_citadela_header_bg_position":{"x":0.5,"y":0.5},"_citadela_header_bg_size":"cover","_citadela_header_bg_repeat":"no-repeat","_citadela_header_bg_fixed":false,"_citadela_header_bg_color":"","_citadela_header_bg_image_overlay":"","_citadela_header_transparent_bg":false,"_citadela_content_width":"","_citadela_half_layout_position":"","footnotes":""},"class_list":["post-2644","page","type-page","status-publish","hentry"],"yoast_head":"<!-- This site is optimized with the Yoast SEO plugin v27.3 - https:\/\/yoast.com\/product\/yoast-seo-wordpress\/ -->\n<title>Mentions l\u00e9gales - Camping Le Site de Castelbouc<\/title>\n<meta name=\"description\" content=\"Camping familial \u2605\u2605 \u00e0 Sainte\u2011Enimie (Loz\u00e8re) - Plage priv\u00e9e sur le Tarn, d\u00e9part cano\u00eb sur place, mobil-homes, tipis et emplacements. Wifi, laverie, accueil randonneurs. Contact : camping.de.castelbouc@gorges-du-tarn.fr\" \/>\n<meta name=\"robots\" content=\"index, follow, max-snippet:-1, max-image-preview:large, max-video-preview:-1\" \/>\n<link rel=\"canonical\" href=\"https:\/\/camping.gorges-du-tarn.fr\/es\/avisos-legales\/\" \/>\n<meta property=\"og:locale\" content=\"es_ES\" \/>\n<meta property=\"og:type\" content=\"article\" \/>\n<meta property=\"og:title\" content=\"Mentions l\u00e9gales - Camping Le Site de Castelbouc\" \/>\n<meta property=\"og:description\" content=\"Camping familial \u2605\u2605 \u00e0 Sainte\u2011Enimie (Loz\u00e8re) - Plage priv\u00e9e sur le Tarn, d\u00e9part cano\u00eb sur place, mobil-homes, tipis et emplacements. Wifi, laverie, accueil randonneurs. Contact : camping.de.castelbouc@gorges-du-tarn.fr\" \/>\n<meta property=\"og:url\" content=\"https:\/\/camping.gorges-du-tarn.fr\/es\/avisos-legales\/\" \/>\n<meta property=\"og:site_name\" content=\"Camping Le Site de Castelbouc\" \/>\n<meta property=\"article:publisher\" content=\"https:\/\/www.facebook.com\/Camping.Castelbouc.Gorges.du.Tarn\/\" \/>\n<meta property=\"article:modified_time\" content=\"2026-04-01T18:16:54+00:00\" \/>\n<meta property=\"og:image\" content=\"https:\/\/camping.gorges-du-tarn.fr\/wp-content\/uploads\/2026\/03\/camping-castelbouc-gorges-du-tarn-1200-350.webp\" \/>\n\t<meta property=\"og:image:width\" content=\"1200\" \/>\n\t<meta property=\"og:image:height\" content=\"350\" \/>\n\t<meta property=\"og:image:type\" content=\"image\/webp\" \/>\n<meta name=\"twitter:card\" content=\"summary_large_image\" \/>\n<meta name=\"twitter:label1\" content=\"Tiempo de lectura\" \/>\n\t<meta name=\"twitter:data1\" content=\"2 minutos\" \/>\n<script type=\"application\/ld+json\" class=\"yoast-schema-graph\">{\"@context\":\"https:\\\/\\\/schema.org\",\"@graph\":[{\"@type\":\"WebPage\",\"@id\":\"https:\\\/\\\/camping.gorges-du-tarn.fr\\\/mentions-legales\\\/\",\"url\":\"https:\\\/\\\/camping.gorges-du-tarn.fr\\\/mentions-legales\\\/\",\"name\":\"Mentions l\u00e9gales - Camping Le Site de Castelbouc\",\"isPartOf\":{\"@id\":\"https:\\\/\\\/camping.gorges-du-tarn.fr\\\/#website\"},\"primaryImageOfPage\":{\"@id\":\"https:\\\/\\\/camping.gorges-du-tarn.fr\\\/mentions-legales\\\/#primaryimage\"},\"image\":{\"@id\":\"https:\\\/\\\/camping.gorges-du-tarn.fr\\\/mentions-legales\\\/#primaryimage\"},\"thumbnailUrl\":\"https:\\\/\\\/camping.gorges-du-tarn.fr\\\/wp-content\\\/uploads\\\/2026\\\/03\\\/camping-castelbouc-gorges-du-tarn-1200-350-1024x299.webp\",\"datePublished\":\"2026-03-11T14:40:44+00:00\",\"dateModified\":\"2026-04-01T18:16:54+00:00\",\"description\":\"Camping familial \u2605\u2605 \u00e0 Sainte\u2011Enimie (Loz\u00e8re) - Plage priv\u00e9e sur le Tarn, d\u00e9part cano\u00eb sur place, mobil-homes, tipis et emplacements. Wifi, laverie, accueil randonneurs. Contact : camping.de.castelbouc@gorges-du-tarn.fr\",\"breadcrumb\":{\"@id\":\"https:\\\/\\\/camping.gorges-du-tarn.fr\\\/mentions-legales\\\/#breadcrumb\"},\"inLanguage\":\"es\",\"potentialAction\":[{\"@type\":\"ReadAction\",\"target\":[\"https:\\\/\\\/camping.gorges-du-tarn.fr\\\/mentions-legales\\\/\"]}]},{\"@type\":\"ImageObject\",\"inLanguage\":\"es\",\"@id\":\"https:\\\/\\\/camping.gorges-du-tarn.fr\\\/mentions-legales\\\/#primaryimage\",\"url\":\"https:\\\/\\\/camping.gorges-du-tarn.fr\\\/wp-content\\\/uploads\\\/2026\\\/03\\\/camping-castelbouc-gorges-du-tarn-1200-350-1024x299.webp\",\"contentUrl\":\"https:\\\/\\\/camping.gorges-du-tarn.fr\\\/wp-content\\\/uploads\\\/2026\\\/03\\\/camping-castelbouc-gorges-du-tarn-1200-350-1024x299.webp\"},{\"@type\":\"BreadcrumbList\",\"@id\":\"https:\\\/\\\/camping.gorges-du-tarn.fr\\\/mentions-legales\\\/#breadcrumb\",\"itemListElement\":[{\"@type\":\"ListItem\",\"position\":1,\"name\":\"Accueil\",\"item\":\"https:\\\/\\\/camping.gorges-du-tarn.fr\\\/\"},{\"@type\":\"ListItem\",\"position\":2,\"name\":\"Mentions l\u00e9gales\"}]},{\"@type\":\"WebSite\",\"@id\":\"https:\\\/\\\/camping.gorges-du-tarn.fr\\\/#website\",\"url\":\"https:\\\/\\\/camping.gorges-du-tarn.fr\\\/\",\"name\":\"Camping Le Site de Castelbouc\",\"description\":\"Sainte-Enimie - Loz\u00e8re - Occitanie\",\"publisher\":{\"@id\":\"https:\\\/\\\/camping.gorges-du-tarn.fr\\\/#organization\"},\"alternateName\":\"Camping de Castelbouc\",\"potentialAction\":[{\"@type\":\"SearchAction\",\"target\":{\"@type\":\"EntryPoint\",\"urlTemplate\":\"https:\\\/\\\/camping.gorges-du-tarn.fr\\\/?s={search_term_string}\"},\"query-input\":{\"@type\":\"PropertyValueSpecification\",\"valueRequired\":true,\"valueName\":\"search_term_string\"}}],\"inLanguage\":\"es\"},{\"@type\":\"Organization\",\"@id\":\"https:\\\/\\\/camping.gorges-du-tarn.fr\\\/#organization\",\"name\":\"Camping \\\"Le Site de Castelbouc\\\"\",\"alternateName\":\"Le Site de Castelbouc\",\"url\":\"https:\\\/\\\/camping.gorges-du-tarn.fr\\\/\",\"logo\":{\"@type\":\"ImageObject\",\"inLanguage\":\"es\",\"@id\":\"https:\\\/\\\/camping.gorges-du-tarn.fr\\\/#\\\/schema\\\/logo\\\/image\\\/\",\"url\":\"https:\\\/\\\/camping.gorges-du-tarn.fr\\\/wp-content\\\/uploads\\\/2023\\\/03\\\/cropped-camping_le_site_de_castelbouc_logo_267x125.png\",\"contentUrl\":\"https:\\\/\\\/camping.gorges-du-tarn.fr\\\/wp-content\\\/uploads\\\/2023\\\/03\\\/cropped-camping_le_site_de_castelbouc_logo_267x125.png\",\"width\":267,\"height\":125,\"caption\":\"Camping \\\"Le Site de Castelbouc\\\"\"},\"image\":{\"@id\":\"https:\\\/\\\/camping.gorges-du-tarn.fr\\\/#\\\/schema\\\/logo\\\/image\\\/\"},\"sameAs\":[\"https:\\\/\\\/www.facebook.com\\\/Camping.Castelbouc.Gorges.du.Tarn\\\/\"]}]}<\/script>\n<!-- \/ Yoast SEO plugin. -->","yoast_head_json":{"title":"Mentions l\u00e9gales - Camping Le Site de Castelbouc","description":"Camping familiar \u2605\u2605 en Sainte-Enimie (Loz\u00e8re) - Playa privada en el r\u00edo Tarn, punto de salida para canoas en el camping, mobil-homes, tipis y parcelas. Wi-Fi, lavander\u00eda, se admiten senderistas. Contacto: camping.de.castelbouc@gorges-du-tarn.fr","robots":{"index":"index","follow":"follow","max-snippet":"max-snippet:-1","max-image-preview":"max-image-preview:large","max-video-preview":"max-video-preview:-1"},"canonical":"https:\/\/camping.gorges-du-tarn.fr\/es\/avisos-legales\/","og_locale":"es_ES","og_type":"article","og_title":"Mentions l\u00e9gales - Camping Le Site de Castelbouc","og_description":"Camping familial \u2605\u2605 \u00e0 Sainte\u2011Enimie (Loz\u00e8re) - Plage priv\u00e9e sur le Tarn, d\u00e9part cano\u00eb sur place, mobil-homes, tipis et emplacements. Wifi, laverie, accueil randonneurs. Contact : camping.de.castelbouc@gorges-du-tarn.fr","og_url":"https:\/\/camping.gorges-du-tarn.fr\/es\/avisos-legales\/","og_site_name":"Camping Le Site de Castelbouc","article_publisher":"https:\/\/www.facebook.com\/Camping.Castelbouc.Gorges.du.Tarn\/","article_modified_time":"2026-04-01T18:16:54+00:00","og_image":[{"width":1200,"height":350,"url":"https:\/\/camping.gorges-du-tarn.fr\/wp-content\/uploads\/2026\/03\/camping-castelbouc-gorges-du-tarn-1200-350.webp","type":"image\/webp"}],"twitter_card":"summary_large_image","twitter_misc":{"Tiempo de lectura":"2 minutos"},"schema":{"@context":"https:\/\/schema.org","@graph":[{"@type":"WebPage","@id":"https:\/\/camping.gorges-du-tarn.fr\/mentions-legales\/","url":"https:\/\/camping.gorges-du-tarn.fr\/mentions-legales\/","name":"Mentions l\u00e9gales - Camping Le Site de Castelbouc","isPartOf":{"@id":"https:\/\/camping.gorges-du-tarn.fr\/#website"},"primaryImageOfPage":{"@id":"https:\/\/camping.gorges-du-tarn.fr\/mentions-legales\/#primaryimage"},"image":{"@id":"https:\/\/camping.gorges-du-tarn.fr\/mentions-legales\/#primaryimage"},"thumbnailUrl":"https:\/\/camping.gorges-du-tarn.fr\/wp-content\/uploads\/2026\/03\/camping-castelbouc-gorges-du-tarn-1200-350-1024x299.webp","datePublished":"2026-03-11T14:40:44+00:00","dateModified":"2026-04-01T18:16:54+00:00","description":"Camping familiar \u2605\u2605 en Sainte-Enimie (Loz\u00e8re) - Playa privada en el r\u00edo Tarn, punto de salida para canoas en el camping, mobil-homes, tipis y parcelas. Wi-Fi, lavander\u00eda, se admiten senderistas. Contacto: camping.de.castelbouc@gorges-du-tarn.fr","breadcrumb":{"@id":"https:\/\/camping.gorges-du-tarn.fr\/mentions-legales\/#breadcrumb"},"inLanguage":"es","potentialAction":[{"@type":"ReadAction","target":["https:\/\/camping.gorges-du-tarn.fr\/mentions-legales\/"]}]},{"@type":"ImageObject","inLanguage":"es","@id":"https:\/\/camping.gorges-du-tarn.fr\/mentions-legales\/#primaryimage","url":"https:\/\/camping.gorges-du-tarn.fr\/wp-content\/uploads\/2026\/03\/camping-castelbouc-gorges-du-tarn-1200-350-1024x299.webp","contentUrl":"https:\/\/camping.gorges-du-tarn.fr\/wp-content\/uploads\/2026\/03\/camping-castelbouc-gorges-du-tarn-1200-350-1024x299.webp"},{"@type":"BreadcrumbList","@id":"https:\/\/camping.gorges-du-tarn.fr\/mentions-legales\/#breadcrumb","itemListElement":[{"@type":"ListItem","position":1,"name":"Accueil","item":"https:\/\/camping.gorges-du-tarn.fr\/"},{"@type":"ListItem","position":2,"name":"Mentions l\u00e9gales"}]},{"@type":"WebSite","@id":"https:\/\/camping.gorges-du-tarn.fr\/#website","url":"https:\/\/camping.gorges-du-tarn.fr\/","name":"Camping Le Site de Castelbouc","description":"Sainte-Enimie - Lozere - Occitania","publisher":{"@id":"https:\/\/camping.gorges-du-tarn.fr\/#organization"},"alternateName":"Camping de Castelbouc","potentialAction":[{"@type":"SearchAction","target":{"@type":"EntryPoint","urlTemplate":"https:\/\/camping.gorges-du-tarn.fr\/?s={search_term_string}"},"query-input":{"@type":"PropertyValueSpecification","valueRequired":true,"valueName":"search_term_string"}}],"inLanguage":"es"},{"@type":"Organization","@id":"https:\/\/camping.gorges-du-tarn.fr\/#organization","name":"Camping &quot;El Sitio de Castelbouc&quot;\"","alternateName":"Le Site de Castelbouc","url":"https:\/\/camping.gorges-du-tarn.fr\/","logo":{"@type":"ImageObject","inLanguage":"es","@id":"https:\/\/camping.gorges-du-tarn.fr\/#\/schema\/logo\/image\/","url":"https:\/\/camping.gorges-du-tarn.fr\/wp-content\/uploads\/2023\/03\/cropped-camping_le_site_de_castelbouc_logo_267x125.png","contentUrl":"https:\/\/camping.gorges-du-tarn.fr\/wp-content\/uploads\/2023\/03\/cropped-camping_le_site_de_castelbouc_logo_267x125.png","width":267,"height":125,"caption":"Camping \"Le Site de Castelbouc\""},"image":{"@id":"https:\/\/camping.gorges-du-tarn.fr\/#\/schema\/logo\/image\/"},"sameAs":["https:\/\/www.facebook.com\/Camping.Castelbouc.Gorges.du.Tarn\/"]}]}},"_links":{"self":[{"href":"https:\/\/camping.gorges-du-tarn.fr\/es\/wp-json\/wp\/v2\/pages\/2644","targetHints":{"allow":["GET"]}}],"collection":[{"href":"https:\/\/camping.gorges-du-tarn.fr\/es\/wp-json\/wp\/v2\/pages"}],"about":[{"href":"https:\/\/camping.gorges-du-tarn.fr\/es\/wp-json\/wp\/v2\/types\/page"}],"author":[{"embeddable":true,"href":"https:\/\/camping.gorges-du-tarn.fr\/es\/wp-json\/wp\/v2\/users\/2"}],"replies":[{"embeddable":true,"href":"https:\/\/camping.gorges-du-tarn.fr\/es\/wp-json\/wp\/v2\/comments?post=2644"}],"version-history":[{"count":0,"href":"https:\/\/camping.gorges-du-tarn.fr\/es\/wp-json\/wp\/v2\/pages\/2644\/revisions"}],"wp:attachment":[{"href":"https:\/\/camping.gorges-du-tarn.fr\/es\/wp-json\/wp\/v2\/media?parent=2644"}],"curies":[{"name":"wp","href":"https:\/\/api.w.org\/{rel}","templated":true}]}}