{"id":877,"date":"2026-03-11T15:38:35","date_gmt":"2026-03-11T14:38:35","guid":{"rendered":"http:\/\/camping.gorges-du-tarn.fr\/blog\/"},"modified":"2026-03-11T15:38:37","modified_gmt":"2026-03-11T14:38:37","slug":"notizia","status":"publish","type":"page","link":"https:\/\/camping.gorges-du-tarn.fr\/it\/actualites\/","title":{"rendered":"Notizia"},"content":{"rendered":"<h2 class=\"wp-block-heading has-text-align-center has-text-color\" style=\"color:#69bf53\"><strong>Le nostre novit\u00e0<\/strong><\/h2>\n\n\n        \n        <div class=\"wp-block-citadela-blocks ctdl-posts layout-box size-small grid-type-1 border-none show-item-featured-image show-item-date show-item-description show-item-categories custom-decor-color custom-date-color\">\n            \n<div class=\"citadela-block-articles\">\n    <div class=\"citadela-block-articles-wrap\">\n\n        \n<article class=\"citadela-directory-item has-thumbnail has-date has-description has-categories\" style=\"\"\">\n\n\t<div class=\"item-content\" style=\"\"\">\n\t\t\t\t<div class=\"item-thumbnail\">\n\t\t\t\t\t\t\t<span class=\"item-date\">\n\t\t\t\t\t<a href=\"https:\/\/camping.gorges-du-tarn.fr\/it\/2026\/04\/02\/\" rel=\"bookmark\" style=\"background-color: #69bf53;color: #ffffff;\">\n\t\t\t\t\t\t<span class=\"item-date-day\">02<\/span><span class=\"item-date-month\">Apr<\/span><span class=\"item-date-year\">2026<\/span>\n\t\t\t\t\t<\/a>\n\t\t\t\t<\/span>\n\t\t\t\t\t\t<a href=\"https:\/\/camping.gorges-du-tarn.fr\/it\/decouverte-gastronomie-lozerienne-camping-castelbouc\/\"><img decoding=\"async\" src=\"https:\/\/camping.gorges-du-tarn.fr\/wp-content\/uploads\/2026\/04\/marche-de-florac-1200-350-640x350.jpg\" class=\"item-image\" alt=\"Scoprite la gastronomia della Loz\u00e8re nei pressi del Camping Le Site de Castelbouc.\"><\/a>\n\t\t<\/div>\n\t\t\n\t\t<div class=\"item-body\">\n\t\t\t<div class=\"item-title\">\n\t\t\t\t\t\t\t\t<a href=\"https:\/\/camping.gorges-du-tarn.fr\/it\/decouverte-gastronomie-lozerienne-camping-castelbouc\/\">\n\t\t\t\t\t<div class=\"item-title-wrap\">\n\t\t\t\t\t\t<div class=\"post-title\">\n\t\t\t\t\t\t\tScoprite la gastronomia della Loz\u00e8re nei pressi del Camping Le Site de Castelbouc.\t\t\t\t\t\t<\/div>\n\t\t\t\t\t<\/div>\n\t\t\t\t<\/a>\n\t\t\t\t\t\t\t<\/div>\n\t\t\t\t\t\t<div class=\"item-text\">\n\t\t\t\t<div class=\"item-description\">\n\t\t\t\t\t<p>\n\t\t\t\t\t\t\t\t\t\t\t\tD\u00e9couvrez la gastronomie loz\u00e9rienne et les produits locaux de qualit\u00e9 ! Situ\u00e9 au c\u0153ur des Gorges du Tarn en Loz\u00e8re, le Camping Le Site de Castelbouc vous invite \u00e0 un voyage culinaire pour savourer les sp\u00e9cialit\u00e9s locales. En famille, en couple ou entre amis, d\u00e9couvrez o\u00f9 d\u00e9guster et quels produits&#8230;\t\t\t\t\t<\/p>\n\t\t\t\t\t<a href=\"https:\/\/camping.gorges-du-tarn.fr\/it\/decouverte-gastronomie-lozerienne-camping-castelbouc\/\" class=\"more\">Vedi di pi\u00f9<\/a>\n\t\t\t\t<\/div>\n\t\t\t<\/div>\n\t\t\t\t\t\t<div class=\"item-footer\" style=\"\"\">\n\t\t\t\t\t\t\t\t\t\t\t\t<div class=\"item-data categories\" style=\"\"\">\n\t\t\t\t\t<span class=\"label\">Categorie<\/span>\n\t\t\t\t\t<span class=\"values\">\n\t\t\t\t\t\t\t\t\t\t\t\t<a href=\"https:\/\/camping.gorges-du-tarn.fr\/it\/categorie\/actualites\/\" class=\"value\" style=\"border-color: #69bf53;\"\">Notizia<\/a>\n\t\t\t\t\t\t\t\t\t\t\t\t<a href=\"https:\/\/camping.gorges-du-tarn.fr\/it\/categorie\/actualites\/gastronomie-et-terroir\/\" class=\"value\" style=\"border-color: #69bf53;\"\">Gastronomia e prodotti locali<\/a>\n\t\t\t\t\t\t\t\t\t\t\t<\/span>\n\t\t\t\t<\/div>\n\t\t\t\t\t\t\t<\/div>\n\t\t<\/div>\n\t<\/div>\n\n<\/article>\n\n<article class=\"citadela-directory-item has-thumbnail has-date has-description has-categories\" style=\"\"\">\n\n\t<div class=\"item-content\" style=\"\"\">\n\t\t\t\t<div class=\"item-thumbnail\">\n\t\t\t\t\t\t\t<span class=\"item-date\">\n\t\t\t\t\t<a href=\"https:\/\/camping.gorges-du-tarn.fr\/it\/2026\/03\/21\/\" rel=\"bookmark\" style=\"background-color: #69bf53;color: #ffffff;\">\n\t\t\t\t\t\t<span class=\"item-date-day\">21<\/span><span class=\"item-date-month\">Mar<\/span><span class=\"item-date-year\">2026<\/span>\n\t\t\t\t\t<\/a>\n\t\t\t\t<\/span>\n\t\t\t\t\t\t<a href=\"https:\/\/camping.gorges-du-tarn.fr\/it\/hors-saison-estivale-profitez-du-calme-du-camping-de-castelbouc-en-avril-mai-juin-et-septembre\/\"><img decoding=\"async\" src=\"https:\/\/camping.gorges-du-tarn.fr\/wp-content\/uploads\/2026\/03\/hors-saison-en-gorges-du-tarn-profiter-du-calme-de-640x350.jpg\" class=\"item-image\" alt=\"Al di fuori della stagione estiva, nelle Gole del Tarn: godetevi la pace e la tranquillit\u00e0 del Camping de Castelbouc nei mesi di aprile, maggio, giugno e settembre.\"><\/a>\n\t\t<\/div>\n\t\t\n\t\t<div class=\"item-body\">\n\t\t\t<div class=\"item-title\">\n\t\t\t\t\t\t\t\t<a href=\"https:\/\/camping.gorges-du-tarn.fr\/it\/hors-saison-estivale-profitez-du-calme-du-camping-de-castelbouc-en-avril-mai-juin-et-septembre\/\">\n\t\t\t\t\t<div class=\"item-title-wrap\">\n\t\t\t\t\t\t<div class=\"post-title\">\n\t\t\t\t\t\t\tAl di fuori della stagione estiva, nelle Gole del Tarn: godetevi la pace e la tranquillit\u00e0 del Camping de Castelbouc nei mesi di aprile, maggio, giugno e settembre.\t\t\t\t\t\t<\/div>\n\t\t\t\t\t<\/div>\n\t\t\t\t<\/a>\n\t\t\t\t\t\t\t<\/div>\n\t\t\t\t\t\t<div class=\"item-text\">\n\t\t\t\t<div class=\"item-description\">\n\t\t\t\t\t<p>\n\t\t\t\t\t\t\t\t\t\t\t\tLa primavera e l&#039;autunno sono i periodi ideali per godersi le Gole del Tarn in completa tranquillit\u00e0! Scoprite il fascino autentico e la pace del campeggio Le Site de Castelbouc, situato alle porte del Parco Nazionale delle C\u00e9vennes e nel cuore delle Gole del Tarn. Al di fuori della stagione estiva\u2026\t\t\t\t\t<\/p>\n\t\t\t\t\t<a href=\"https:\/\/camping.gorges-du-tarn.fr\/it\/hors-saison-estivale-profitez-du-calme-du-camping-de-castelbouc-en-avril-mai-juin-et-septembre\/\" class=\"more\">Vedi di pi\u00f9<\/a>\n\t\t\t\t<\/div>\n\t\t\t<\/div>\n\t\t\t\t\t\t<div class=\"item-footer\" style=\"\"\">\n\t\t\t\t\t\t\t\t\t\t\t\t<div class=\"item-data categories\" style=\"\"\">\n\t\t\t\t\t<span class=\"label\">Categorie<\/span>\n\t\t\t\t\t<span class=\"values\">\n\t\t\t\t\t\t\t\t\t\t\t\t<a href=\"https:\/\/camping.gorges-du-tarn.fr\/it\/categorie\/actualites\/\" class=\"value\" style=\"border-color: #69bf53;\"\">Notizia<\/a>\n\t\t\t\t\t\t\t\t\t\t\t\t<a href=\"https:\/\/camping.gorges-du-tarn.fr\/it\/categorie\/actualites\/camping-le-site-de-castelbouc\/\" class=\"value\" style=\"border-color: #69bf53;\"\">Campeggio Castelbouc<\/a>\n\t\t\t\t\t\t\t\t\t\t\t<\/span>\n\t\t\t\t<\/div>\n\t\t\t\t\t\t\t<\/div>\n\t\t<\/div>\n\t<\/div>\n\n<\/article>\n\n<article class=\"citadela-directory-item has-thumbnail has-date has-description has-categories\" style=\"\"\">\n\n\t<div class=\"item-content\" style=\"\"\">\n\t\t\t\t<div class=\"item-thumbnail\">\n\t\t\t\t\t\t\t<span class=\"item-date\">\n\t\t\t\t\t<a href=\"https:\/\/camping.gorges-du-tarn.fr\/it\/2026\/02\/20\/\" rel=\"bookmark\" style=\"background-color: #69bf53;color: #ffffff;\">\n\t\t\t\t\t\t<span class=\"item-date-day\">20<\/span><span class=\"item-date-month\">Febbraio<\/span><span class=\"item-date-year\">2026<\/span>\n\t\t\t\t\t<\/a>\n\t\t\t\t<\/span>\n\t\t\t\t\t\t<a href=\"https:\/\/camping.gorges-du-tarn.fr\/it\/nettoyage-des-berges-du-tarn\/\"><img decoding=\"async\" src=\"https:\/\/camping.gorges-du-tarn.fr\/wp-content\/uploads\/2026\/02\/camping_le_site_plage_tarn_1200x350_06-640x350.jpg\" class=\"item-image\" alt=\"Pulizia delle rive del Tarn.\"><\/a>\n\t\t<\/div>\n\t\t\n\t\t<div class=\"item-body\">\n\t\t\t<div class=\"item-title\">\n\t\t\t\t\t\t\t\t<a href=\"https:\/\/camping.gorges-du-tarn.fr\/it\/nettoyage-des-berges-du-tarn\/\">\n\t\t\t\t\t<div class=\"item-title-wrap\">\n\t\t\t\t\t\t<div class=\"post-title\">\n\t\t\t\t\t\t\tPulizia delle rive del Tarn.\t\t\t\t\t\t<\/div>\n\t\t\t\t\t<\/div>\n\t\t\t\t<\/a>\n\t\t\t\t\t\t\t<\/div>\n\t\t\t\t\t\t<div class=\"item-text\">\n\t\t\t\t<div class=\"item-description\">\n\t\t\t\t\t<p>\n\t\t\t\t\t\t\t\t\t\t\t\tIl 21 marzo ci rimbocchiamo le maniche: l&#039;obiettivo \u00e8 &quot;Natura pulita&quot; a Castelbouc! Al campeggio &quot;Le Site de Castelbouc&quot;, la nostra quotidianit\u00e0 \u00e8 immersa nella bellezza selvaggia delle Gole del Tarn. Ma questa bellezza \u00e8 fragile e ha bisogno del nostro aiuto. Come ogni anno, il 21 marzo,\u2026\t\t\t\t\t<\/p>\n\t\t\t\t\t<a href=\"https:\/\/camping.gorges-du-tarn.fr\/it\/nettoyage-des-berges-du-tarn\/\" class=\"more\">Vedi di pi\u00f9<\/a>\n\t\t\t\t<\/div>\n\t\t\t<\/div>\n\t\t\t\t\t\t<div class=\"item-footer\" style=\"\"\">\n\t\t\t\t\t\t\t\t\t\t\t\t<div class=\"item-data categories\" style=\"\"\">\n\t\t\t\t\t<span class=\"label\">Categorie<\/span>\n\t\t\t\t\t<span class=\"values\">\n\t\t\t\t\t\t\t\t\t\t\t\t<a href=\"https:\/\/camping.gorges-du-tarn.fr\/it\/categorie\/actualites\/\" class=\"value\" style=\"border-color: #69bf53;\"\">Notizia<\/a>\n\t\t\t\t\t\t\t\t\t\t\t\t<a href=\"https:\/\/camping.gorges-du-tarn.fr\/it\/categorie\/actualites\/camping-le-site-de-castelbouc\/\" class=\"value\" style=\"border-color: #69bf53;\"\">Campeggio Castelbouc<\/a>\n\t\t\t\t\t\t\t\t\t\t\t<\/span>\n\t\t\t\t<\/div>\n\t\t\t\t\t\t\t<\/div>\n\t\t<\/div>\n\t<\/div>\n\n<\/article>\n\n<article class=\"citadela-directory-item has-thumbnail has-date has-description has-categories\" style=\"\"\">\n\n\t<div class=\"item-content\" style=\"\"\">\n\t\t\t\t<div class=\"item-thumbnail\">\n\t\t\t\t\t\t\t<span class=\"item-date\">\n\t\t\t\t\t<a href=\"https:\/\/camping.gorges-du-tarn.fr\/it\/2026\/02\/19\/\" rel=\"bookmark\" style=\"background-color: #69bf53;color: #ffffff;\">\n\t\t\t\t\t\t<span class=\"item-date-day\">19<\/span><span class=\"item-date-month\">Febbraio<\/span><span class=\"item-date-year\">2026<\/span>\n\t\t\t\t\t<\/a>\n\t\t\t\t<\/span>\n\t\t\t\t\t\t<a href=\"https:\/\/camping.gorges-du-tarn.fr\/it\/affaires-utiles-pour-sejourner-au-camping\/\"><img decoding=\"async\" src=\"https:\/\/camping.gorges-du-tarn.fr\/wp-content\/uploads\/2026\/01\/camping_le_site_emplacements_tentes_1200x350_04-640x350.jpg\" class=\"item-image\" alt=\"Articoli utili per il tuo campeggio.\"><\/a>\n\t\t<\/div>\n\t\t\n\t\t<div class=\"item-body\">\n\t\t\t<div class=\"item-title\">\n\t\t\t\t\t\t\t\t<a href=\"https:\/\/camping.gorges-du-tarn.fr\/it\/affaires-utiles-pour-sejourner-au-camping\/\">\n\t\t\t\t\t<div class=\"item-title-wrap\">\n\t\t\t\t\t\t<div class=\"post-title\">\n\t\t\t\t\t\t\tArticoli utili per il tuo campeggio.\t\t\t\t\t\t<\/div>\n\t\t\t\t\t<\/div>\n\t\t\t\t<\/a>\n\t\t\t\t\t\t\t<\/div>\n\t\t\t\t\t\t<div class=\"item-text\">\n\t\t\t\t<div class=\"item-description\">\n\t\t\t\t\t<p>\n\t\t\t\t\t\t\t\t\t\t\t\tGuida di sopravvivenza per campeggiatori: cosa mettere in valigia per le Gole del Tarn? Ah, le vacanze in Loz\u00e8re! Il rumore dell&#039;acqua, le maestose scogliere e le serate sotto le stelle... Ma prima del vostro soggiorno al campeggio &quot;Le Site de Castelbouc&quot;, c&#039;\u00e8...\t\t\t\t\t<\/p>\n\t\t\t\t\t<a href=\"https:\/\/camping.gorges-du-tarn.fr\/it\/affaires-utiles-pour-sejourner-au-camping\/\" class=\"more\">Vedi di pi\u00f9<\/a>\n\t\t\t\t<\/div>\n\t\t\t<\/div>\n\t\t\t\t\t\t<div class=\"item-footer\" style=\"\"\">\n\t\t\t\t\t\t\t\t\t\t\t\t<div class=\"item-data categories\" style=\"\"\">\n\t\t\t\t\t<span class=\"label\">Categorie<\/span>\n\t\t\t\t\t<span class=\"values\">\n\t\t\t\t\t\t\t\t\t\t\t\t<a href=\"https:\/\/camping.gorges-du-tarn.fr\/it\/categorie\/actualites\/\" class=\"value\" style=\"border-color: #69bf53;\"\">Notizia<\/a>\n\t\t\t\t\t\t\t\t\t\t\t\t<a href=\"https:\/\/camping.gorges-du-tarn.fr\/it\/categorie\/actualites\/camping-le-site-de-castelbouc\/\" class=\"value\" style=\"border-color: #69bf53;\"\">Campeggio Castelbouc<\/a>\n\t\t\t\t\t\t\t\t\t\t\t<\/span>\n\t\t\t\t<\/div>\n\t\t\t\t\t\t\t<\/div>\n\t\t<\/div>\n\t<\/div>\n\n<\/article>\n\n<article class=\"citadela-directory-item has-thumbnail has-date has-description has-categories\" style=\"\"\">\n\n\t<div class=\"item-content\" style=\"\"\">\n\t\t\t\t<div class=\"item-thumbnail\">\n\t\t\t\t\t\t\t<span class=\"item-date\">\n\t\t\t\t\t<a href=\"https:\/\/camping.gorges-du-tarn.fr\/it\/2026\/02\/17\/\" rel=\"bookmark\" style=\"background-color: #69bf53;color: #ffffff;\">\n\t\t\t\t\t\t<span class=\"item-date-day\">17<\/span><span class=\"item-date-month\">Febbraio<\/span><span class=\"item-date-year\">2026<\/span>\n\t\t\t\t\t<\/a>\n\t\t\t\t<\/span>\n\t\t\t\t\t\t<a href=\"https:\/\/camping.gorges-du-tarn.fr\/it\/castelbouc-village-au-coeur-des-gorges-du-tarn\/\"><img decoding=\"async\" src=\"https:\/\/camping.gorges-du-tarn.fr\/wp-content\/uploads\/2026\/03\/village_castelbouc_1200x350_01-640x350.jpg\" class=\"item-image\" alt=\"Castelbouc: visita a un villaggio segreto incastonato nel cuore delle gole del Tarn.\"><\/a>\n\t\t<\/div>\n\t\t\n\t\t<div class=\"item-body\">\n\t\t\t<div class=\"item-title\">\n\t\t\t\t\t\t\t\t<a href=\"https:\/\/camping.gorges-du-tarn.fr\/it\/castelbouc-village-au-coeur-des-gorges-du-tarn\/\">\n\t\t\t\t\t<div class=\"item-title-wrap\">\n\t\t\t\t\t\t<div class=\"post-title\">\n\t\t\t\t\t\t\tCastelbouc: visita a un villaggio segreto incastonato nel cuore delle gole del Tarn.\t\t\t\t\t\t<\/div>\n\t\t\t\t\t<\/div>\n\t\t\t\t<\/a>\n\t\t\t\t\t\t\t<\/div>\n\t\t\t\t\t\t<div class=\"item-text\">\n\t\t\t\t<div class=\"item-description\">\n\t\t\t\t\t<p>\n\t\t\t\t\t\t\t\t\t\t\t\tIntroduzione: Immaginate un villaggio medievale apparentemente scavato nella roccia, affacciato sulle acque cristalline del fiume Tarn... Benvenuti a Castelbouc! Accessibile solo tramite un piccolo ponte o a piedi, questo borgo \u00e8 uno dei gioielli meglio conservati della Loz\u00e8re. Che siate amanti delle pietre antiche,...\t\t\t\t\t<\/p>\n\t\t\t\t\t<a href=\"https:\/\/camping.gorges-du-tarn.fr\/it\/castelbouc-village-au-coeur-des-gorges-du-tarn\/\" class=\"more\">Vedi di pi\u00f9<\/a>\n\t\t\t\t<\/div>\n\t\t\t<\/div>\n\t\t\t\t\t\t<div class=\"item-footer\" style=\"\"\">\n\t\t\t\t\t\t\t\t\t\t\t\t<div class=\"item-data categories\" style=\"\"\">\n\t\t\t\t\t<span class=\"label\">Categorie<\/span>\n\t\t\t\t\t<span class=\"values\">\n\t\t\t\t\t\t\t\t\t\t\t\t<a href=\"https:\/\/camping.gorges-du-tarn.fr\/it\/categorie\/actualites\/a-visiter\/\" class=\"value\" style=\"border-color: #69bf53;\"\">Vale la pena visitarlo<\/a>\n\t\t\t\t\t\t\t\t\t\t\t\t<a href=\"https:\/\/camping.gorges-du-tarn.fr\/it\/categorie\/actualites\/\" class=\"value\" style=\"border-color: #69bf53;\"\">Notizia<\/a>\n\t\t\t\t\t\t\t\t\t\t\t<\/span>\n\t\t\t\t<\/div>\n\t\t\t\t\t\t\t<\/div>\n\t\t<\/div>\n\t<\/div>\n\n<\/article>\n\n    <\/div>\n<\/div>        <\/div>","protected":false},"excerpt":{"rendered":"<p>Le nostre novit\u00e0<\/p>","protected":false},"author":2,"featured_media":0,"parent":0,"menu_order":0,"comment_status":"closed","ping_status":"closed","template":"","meta":{"_citadela_hide_page_title":"1","_citadela_remove_header_space":"1","_citadela_custom_class":"","_citadela_half_map_provider":"","_citadela_half_map_theme":"","_citadela_half_map_themeOSM":"","_citadela_half_map_customTheme":"","_citadela_half_map_dataType":"","_citadela_half_map_dynamicTrack":false,"_citadela_half_map_trackColor":"","_citadela_half_map_trackEndpointsColor":"","_citadela_half_map_filterCategory":"","_citadela_half_map_filterLocation":"","_citadela_half_map_filterFeatured":false,"_citadela_half_map_noDataBehavior":"empty-map","_citadela_half_map_noDataText":"","_citadela_half_map_clusterGridSize":80,"_citadela_header":false,"_citadela_header_over_content":false,"_citadela_header_text_color":"","_citadela_header_logo":[],"_citadela_header_bg_image":[],"_citadela_header_bg_position":{"x":0.5,"y":0.5},"_citadela_header_bg_size":"cover","_citadela_header_bg_repeat":"no-repeat","_citadela_header_bg_fixed":false,"_citadela_header_bg_color":"","_citadela_header_bg_image_overlay":"","_citadela_header_transparent_bg":false,"_citadela_content_width":"","_citadela_half_layout_position":"","footnotes":""},"class_list":["post-877","page","type-page","status-publish","hentry"],"yoast_head":"<!-- This site is optimized with the Yoast SEO plugin v27.3 - https:\/\/yoast.com\/product\/yoast-seo-wordpress\/ -->\n<title>Actualit\u00e9s - Camping Le Site de Castelbouc<\/title>\n<meta name=\"description\" content=\"Camping familial \u2605\u2605 \u00e0 Sainte\u2011Enimie (Loz\u00e8re) - Plage priv\u00e9e sur le Tarn, d\u00e9part cano\u00eb sur place, mobil-homes, tipis et emplacements. Wifi, laverie, accueil randonneurs. Contact : camping.de.castelbouc@gorges-du-tarn.fr\" \/>\n<meta name=\"robots\" content=\"index, follow, max-snippet:-1, max-image-preview:large, max-video-preview:-1\" \/>\n<link rel=\"canonical\" href=\"https:\/\/camping.gorges-du-tarn.fr\/it\/notizia\/\" \/>\n<meta property=\"og:locale\" content=\"it_IT\" \/>\n<meta property=\"og:type\" content=\"article\" \/>\n<meta property=\"og:title\" content=\"Actualit\u00e9s - Camping Le Site de Castelbouc\" \/>\n<meta property=\"og:description\" content=\"Camping familial \u2605\u2605 \u00e0 Sainte\u2011Enimie (Loz\u00e8re) - Plage priv\u00e9e sur le Tarn, d\u00e9part cano\u00eb sur place, mobil-homes, tipis et emplacements. Wifi, laverie, accueil randonneurs. Contact : camping.de.castelbouc@gorges-du-tarn.fr\" \/>\n<meta property=\"og:url\" content=\"https:\/\/camping.gorges-du-tarn.fr\/it\/notizia\/\" \/>\n<meta property=\"og:site_name\" content=\"Camping Le Site de Castelbouc\" \/>\n<meta property=\"article:publisher\" content=\"https:\/\/www.facebook.com\/Camping.Castelbouc.Gorges.du.Tarn\/\" \/>\n<meta property=\"article:modified_time\" content=\"2026-03-11T14:38:37+00:00\" \/>\n<meta property=\"og:image\" content=\"https:\/\/camping.gorges-du-tarn.fr\/wp-content\/uploads\/2026\/03\/camping-le-site-de-castelbouc-1200x675-1.png\" \/>\n\t<meta property=\"og:image:width\" content=\"1200\" \/>\n\t<meta property=\"og:image:height\" content=\"675\" \/>\n\t<meta property=\"og:image:type\" content=\"image\/png\" \/>\n<meta name=\"twitter:card\" content=\"summary_large_image\" \/>\n<meta name=\"twitter:label1\" content=\"Tempo di lettura stimato\" \/>\n\t<meta name=\"twitter:data1\" content=\"1 minuto\" \/>\n<script type=\"application\/ld+json\" class=\"yoast-schema-graph\">{\"@context\":\"https:\\\/\\\/schema.org\",\"@graph\":[{\"@type\":\"WebPage\",\"@id\":\"https:\\\/\\\/camping.gorges-du-tarn.fr\\\/actualites\\\/\",\"url\":\"https:\\\/\\\/camping.gorges-du-tarn.fr\\\/actualites\\\/\",\"name\":\"Actualit\u00e9s - Camping Le Site de Castelbouc\",\"isPartOf\":{\"@id\":\"https:\\\/\\\/camping.gorges-du-tarn.fr\\\/#website\"},\"datePublished\":\"2026-03-11T14:38:35+00:00\",\"dateModified\":\"2026-03-11T14:38:37+00:00\",\"description\":\"Camping familial \u2605\u2605 \u00e0 Sainte\u2011Enimie (Loz\u00e8re) - Plage priv\u00e9e sur le Tarn, d\u00e9part cano\u00eb sur place, mobil-homes, tipis et emplacements. Wifi, laverie, accueil randonneurs. Contact : camping.de.castelbouc@gorges-du-tarn.fr\",\"breadcrumb\":{\"@id\":\"https:\\\/\\\/camping.gorges-du-tarn.fr\\\/actualites\\\/#breadcrumb\"},\"inLanguage\":\"it-IT\",\"potentialAction\":[{\"@type\":\"ReadAction\",\"target\":[\"https:\\\/\\\/camping.gorges-du-tarn.fr\\\/actualites\\\/\"]}]},{\"@type\":\"BreadcrumbList\",\"@id\":\"https:\\\/\\\/camping.gorges-du-tarn.fr\\\/actualites\\\/#breadcrumb\",\"itemListElement\":[{\"@type\":\"ListItem\",\"position\":1,\"name\":\"Accueil\",\"item\":\"https:\\\/\\\/camping.gorges-du-tarn.fr\\\/\"},{\"@type\":\"ListItem\",\"position\":2,\"name\":\"Actualit\u00e9s\"}]},{\"@type\":\"WebSite\",\"@id\":\"https:\\\/\\\/camping.gorges-du-tarn.fr\\\/#website\",\"url\":\"https:\\\/\\\/camping.gorges-du-tarn.fr\\\/\",\"name\":\"Camping Le Site de Castelbouc\",\"description\":\"Sainte-Enimie - Loz\u00e8re - Occitanie\",\"publisher\":{\"@id\":\"https:\\\/\\\/camping.gorges-du-tarn.fr\\\/#organization\"},\"alternateName\":\"Camping de Castelbouc\",\"potentialAction\":[{\"@type\":\"SearchAction\",\"target\":{\"@type\":\"EntryPoint\",\"urlTemplate\":\"https:\\\/\\\/camping.gorges-du-tarn.fr\\\/?s={search_term_string}\"},\"query-input\":{\"@type\":\"PropertyValueSpecification\",\"valueRequired\":true,\"valueName\":\"search_term_string\"}}],\"inLanguage\":\"it-IT\"},{\"@type\":\"Organization\",\"@id\":\"https:\\\/\\\/camping.gorges-du-tarn.fr\\\/#organization\",\"name\":\"Camping \\\"Le Site de Castelbouc\\\"\",\"alternateName\":\"Le Site de Castelbouc\",\"url\":\"https:\\\/\\\/camping.gorges-du-tarn.fr\\\/\",\"logo\":{\"@type\":\"ImageObject\",\"inLanguage\":\"it-IT\",\"@id\":\"https:\\\/\\\/camping.gorges-du-tarn.fr\\\/#\\\/schema\\\/logo\\\/image\\\/\",\"url\":\"https:\\\/\\\/camping.gorges-du-tarn.fr\\\/wp-content\\\/uploads\\\/2023\\\/03\\\/cropped-camping_le_site_de_castelbouc_logo_267x125.png\",\"contentUrl\":\"https:\\\/\\\/camping.gorges-du-tarn.fr\\\/wp-content\\\/uploads\\\/2023\\\/03\\\/cropped-camping_le_site_de_castelbouc_logo_267x125.png\",\"width\":267,\"height\":125,\"caption\":\"Camping \\\"Le Site de Castelbouc\\\"\"},\"image\":{\"@id\":\"https:\\\/\\\/camping.gorges-du-tarn.fr\\\/#\\\/schema\\\/logo\\\/image\\\/\"},\"sameAs\":[\"https:\\\/\\\/www.facebook.com\\\/Camping.Castelbouc.Gorges.du.Tarn\\\/\"]}]}<\/script>\n<!-- \/ Yoast SEO plugin. -->","yoast_head_json":{"title":"Attualit\u00e0 - Il campeggio Le Site de Castelbouc","description":"Campeggio a conduzione familiare \u2605\u2605 a Sainte-Enimie (Loz\u00e8re) - Spiaggia privata sul fiume Tarn, punto di partenza per canoe in loco, case mobili, tipi e piazzole. Wi-Fi, lavanderia, escursionisti benvenuti. Contatto: camping.de.castelbouc@gorges-du-tarn.fr","robots":{"index":"index","follow":"follow","max-snippet":"max-snippet:-1","max-image-preview":"max-image-preview:large","max-video-preview":"max-video-preview:-1"},"canonical":"https:\/\/camping.gorges-du-tarn.fr\/it\/notizia\/","og_locale":"it_IT","og_type":"article","og_title":"Actualit\u00e9s - Camping Le Site de Castelbouc","og_description":"Camping familial \u2605\u2605 \u00e0 Sainte\u2011Enimie (Loz\u00e8re) - Plage priv\u00e9e sur le Tarn, d\u00e9part cano\u00eb sur place, mobil-homes, tipis et emplacements. Wifi, laverie, accueil randonneurs. Contact : camping.de.castelbouc@gorges-du-tarn.fr","og_url":"https:\/\/camping.gorges-du-tarn.fr\/it\/notizia\/","og_site_name":"Camping Le Site de Castelbouc","article_publisher":"https:\/\/www.facebook.com\/Camping.Castelbouc.Gorges.du.Tarn\/","article_modified_time":"2026-03-11T14:38:37+00:00","og_image":[{"width":1200,"height":675,"url":"https:\/\/camping.gorges-du-tarn.fr\/wp-content\/uploads\/2026\/03\/camping-le-site-de-castelbouc-1200x675-1.png","type":"image\/png"}],"twitter_card":"summary_large_image","twitter_misc":{"Tempo di lettura stimato":"1 minuto"},"schema":{"@context":"https:\/\/schema.org","@graph":[{"@type":"WebPage","@id":"https:\/\/camping.gorges-du-tarn.fr\/actualites\/","url":"https:\/\/camping.gorges-du-tarn.fr\/actualites\/","name":"Attualit\u00e0 - Il campeggio Le Site de Castelbouc","isPartOf":{"@id":"https:\/\/camping.gorges-du-tarn.fr\/#website"},"datePublished":"2026-03-11T14:38:35+00:00","dateModified":"2026-03-11T14:38:37+00:00","description":"Campeggio a conduzione familiare \u2605\u2605 a Sainte-Enimie (Loz\u00e8re) - Spiaggia privata sul fiume Tarn, punto di partenza per canoe in loco, case mobili, tipi e piazzole. Wi-Fi, lavanderia, escursionisti benvenuti. Contatto: camping.de.castelbouc@gorges-du-tarn.fr","breadcrumb":{"@id":"https:\/\/camping.gorges-du-tarn.fr\/actualites\/#breadcrumb"},"inLanguage":"it-IT","potentialAction":[{"@type":"ReadAction","target":["https:\/\/camping.gorges-du-tarn.fr\/actualites\/"]}]},{"@type":"BreadcrumbList","@id":"https:\/\/camping.gorges-du-tarn.fr\/actualites\/#breadcrumb","itemListElement":[{"@type":"ListItem","position":1,"name":"Accueil","item":"https:\/\/camping.gorges-du-tarn.fr\/"},{"@type":"ListItem","position":2,"name":"Actualit\u00e9s"}]},{"@type":"WebSite","@id":"https:\/\/camping.gorges-du-tarn.fr\/#website","url":"https:\/\/camping.gorges-du-tarn.fr\/","name":"Campeggio Le Site de Castelbouc","description":"Sainte-Enimie-Loz\u00e8re-Occitanie","publisher":{"@id":"https:\/\/camping.gorges-du-tarn.fr\/#organization"},"alternateName":"Camping de Castelbouc","potentialAction":[{"@type":"SearchAction","target":{"@type":"EntryPoint","urlTemplate":"https:\/\/camping.gorges-du-tarn.fr\/?s={search_term_string}"},"query-input":{"@type":"PropertyValueSpecification","valueRequired":true,"valueName":"search_term_string"}}],"inLanguage":"it-IT"},{"@type":"Organization","@id":"https:\/\/camping.gorges-du-tarn.fr\/#organization","name":"Campeggio &quot;Le Site de Castelbouc&quot;\"","alternateName":"Le Site de Castelbouc","url":"https:\/\/camping.gorges-du-tarn.fr\/","logo":{"@type":"ImageObject","inLanguage":"it-IT","@id":"https:\/\/camping.gorges-du-tarn.fr\/#\/schema\/logo\/image\/","url":"https:\/\/camping.gorges-du-tarn.fr\/wp-content\/uploads\/2023\/03\/cropped-camping_le_site_de_castelbouc_logo_267x125.png","contentUrl":"https:\/\/camping.gorges-du-tarn.fr\/wp-content\/uploads\/2023\/03\/cropped-camping_le_site_de_castelbouc_logo_267x125.png","width":267,"height":125,"caption":"Camping \"Le Site de Castelbouc\""},"image":{"@id":"https:\/\/camping.gorges-du-tarn.fr\/#\/schema\/logo\/image\/"},"sameAs":["https:\/\/www.facebook.com\/Camping.Castelbouc.Gorges.du.Tarn\/"]}]}},"_links":{"self":[{"href":"https:\/\/camping.gorges-du-tarn.fr\/it\/wp-json\/wp\/v2\/pages\/877","targetHints":{"allow":["GET"]}}],"collection":[{"href":"https:\/\/camping.gorges-du-tarn.fr\/it\/wp-json\/wp\/v2\/pages"}],"about":[{"href":"https:\/\/camping.gorges-du-tarn.fr\/it\/wp-json\/wp\/v2\/types\/page"}],"author":[{"embeddable":true,"href":"https:\/\/camping.gorges-du-tarn.fr\/it\/wp-json\/wp\/v2\/users\/2"}],"replies":[{"embeddable":true,"href":"https:\/\/camping.gorges-du-tarn.fr\/it\/wp-json\/wp\/v2\/comments?post=877"}],"version-history":[{"count":15,"href":"https:\/\/camping.gorges-du-tarn.fr\/it\/wp-json\/wp\/v2\/pages\/877\/revisions"}],"predecessor-version":[{"id":3800,"href":"https:\/\/camping.gorges-du-tarn.fr\/it\/wp-json\/wp\/v2\/pages\/877\/revisions\/3800"}],"wp:attachment":[{"href":"https:\/\/camping.gorges-du-tarn.fr\/it\/wp-json\/wp\/v2\/media?parent=877"}],"curies":[{"name":"wp","href":"https:\/\/api.w.org\/{rel}","templated":true}]}}