{"id":877,"date":"2026-03-11T15:38:35","date_gmt":"2026-03-11T14:38:35","guid":{"rendered":"http:\/\/camping.gorges-du-tarn.fr\/blog\/"},"modified":"2026-03-11T15:38:37","modified_gmt":"2026-03-11T14:38:37","slug":"nieuws","status":"publish","type":"page","link":"https:\/\/camping.gorges-du-tarn.fr\/nl\/actualites\/","title":{"rendered":"Nieuws"},"content":{"rendered":"<h2 class=\"wp-block-heading has-text-align-center has-text-color\" style=\"color:#69bf53\"><strong>Ons nieuws<\/strong><\/h2>\n\n\n        \n        <div class=\"wp-block-citadela-blocks ctdl-posts layout-box size-small grid-type-1 border-none show-item-featured-image show-item-date show-item-description show-item-categories custom-decor-color custom-date-color\">\n            \n<div class=\"citadela-block-articles\">\n    <div class=\"citadela-block-articles-wrap\">\n\n        \n<article class=\"citadela-directory-item has-thumbnail has-date has-description has-categories\" style=\"\"\">\n\n\t<div class=\"item-content\" style=\"\"\">\n\t\t\t\t<div class=\"item-thumbnail\">\n\t\t\t\t\t\t\t<span class=\"item-date\">\n\t\t\t\t\t<a href=\"https:\/\/camping.gorges-du-tarn.fr\/nl\/2026\/04\/02\/\" rel=\"bookmark\" style=\"background-color: #69bf53;color: #ffffff;\">\n\t\t\t\t\t\t<span class=\"item-date-day\">02<\/span><span class=\"item-date-month\">na<\/span><span class=\"item-date-year\">2026<\/span>\n\t\t\t\t\t<\/a>\n\t\t\t\t<\/span>\n\t\t\t\t\t\t<a href=\"https:\/\/camping.gorges-du-tarn.fr\/nl\/decouverte-gastronomie-lozerienne-camping-castelbouc\/\"><img decoding=\"async\" src=\"https:\/\/camping.gorges-du-tarn.fr\/wp-content\/uploads\/2026\/04\/marche-de-florac-1200-350-640x350.jpg\" class=\"item-image\" alt=\"Ontdek de gastronomie van Loz\u00e8re in de buurt van Camping Le Site de Castelbouc.\"><\/a>\n\t\t<\/div>\n\t\t\n\t\t<div class=\"item-body\">\n\t\t\t<div class=\"item-title\">\n\t\t\t\t\t\t\t\t<a href=\"https:\/\/camping.gorges-du-tarn.fr\/nl\/decouverte-gastronomie-lozerienne-camping-castelbouc\/\">\n\t\t\t\t\t<div class=\"item-title-wrap\">\n\t\t\t\t\t\t<div class=\"post-title\">\n\t\t\t\t\t\t\tOntdek de gastronomie van Loz\u00e8re in de buurt van Camping Le Site de Castelbouc.\t\t\t\t\t\t<\/div>\n\t\t\t\t\t<\/div>\n\t\t\t\t<\/a>\n\t\t\t\t\t\t\t<\/div>\n\t\t\t\t\t\t<div class=\"item-text\">\n\t\t\t\t<div class=\"item-description\">\n\t\t\t\t\t<p>\n\t\t\t\t\t\t\t\t\t\t\t\tD\u00e9couvrez la gastronomie loz\u00e9rienne et produits locaux de qualit\u00e9 ! Situ\u00e9 au c\u0153ur des Gorges du Tarn en Loz\u00e8re, le Camping Le Site de Castelbouc vous invite \u00e0 un voyage culinaire pour savourer les sp\u00e9cialit\u00e9s locales. En famille, en couple ou entre amis, d\u00e9couvrez o\u00f9 d\u00e9guster et quels produits locaux&#8230;\t\t\t\t\t<\/p>\n\t\t\t\t\t<a href=\"https:\/\/camping.gorges-du-tarn.fr\/nl\/decouverte-gastronomie-lozerienne-camping-castelbouc\/\" class=\"more\">View more<\/a>\n\t\t\t\t<\/div>\n\t\t\t<\/div>\n\t\t\t\t\t\t<div class=\"item-footer\" style=\"\"\">\n\t\t\t\t\t\t\t\t\t\t\t\t<div class=\"item-data categories\" style=\"\"\">\n\t\t\t\t\t<span class=\"label\">Categories<\/span>\n\t\t\t\t\t<span class=\"values\">\n\t\t\t\t\t\t\t\t\t\t\t\t<a href=\"https:\/\/camping.gorges-du-tarn.fr\/nl\/categorie\/actualites\/\" class=\"value\" style=\"border-color: #69bf53;\"\">Nieuws<\/a>\n\t\t\t\t\t\t\t\t\t\t\t\t<a href=\"https:\/\/camping.gorges-du-tarn.fr\/nl\/categorie\/actualites\/gastronomie-et-terroir\/\" class=\"value\" style=\"border-color: #69bf53;\"\">Gastronomie en lokale producten<\/a>\n\t\t\t\t\t\t\t\t\t\t\t<\/span>\n\t\t\t\t<\/div>\n\t\t\t\t\t\t\t<\/div>\n\t\t<\/div>\n\t<\/div>\n\n<\/article>\n\n<article class=\"citadela-directory-item has-thumbnail has-date has-description has-categories\" style=\"\"\">\n\n\t<div class=\"item-content\" style=\"\"\">\n\t\t\t\t<div class=\"item-thumbnail\">\n\t\t\t\t\t\t\t<span class=\"item-date\">\n\t\t\t\t\t<a href=\"https:\/\/camping.gorges-du-tarn.fr\/nl\/2026\/03\/21\/\" rel=\"bookmark\" style=\"background-color: #69bf53;color: #ffffff;\">\n\t\t\t\t\t\t<span class=\"item-date-day\">21<\/span><span class=\"item-date-month\">mrt<\/span><span class=\"item-date-year\">2026<\/span>\n\t\t\t\t\t<\/a>\n\t\t\t\t<\/span>\n\t\t\t\t\t\t<a href=\"https:\/\/camping.gorges-du-tarn.fr\/nl\/hors-saison-estivale-profitez-du-calme-du-camping-de-castelbouc-en-avril-mai-juin-et-septembre\/\"><img decoding=\"async\" src=\"https:\/\/camping.gorges-du-tarn.fr\/wp-content\/uploads\/2026\/03\/hors-saison-en-gorges-du-tarn-profiter-du-calme-de-640x350.jpg\" class=\"item-image\" alt=\"Buiten het zomerseizoen kunt u in de Tarn-kloof genieten van de rust en stilte van Camping de Castelbouc in april, mei, juni en september.\"><\/a>\n\t\t<\/div>\n\t\t\n\t\t<div class=\"item-body\">\n\t\t\t<div class=\"item-title\">\n\t\t\t\t\t\t\t\t<a href=\"https:\/\/camping.gorges-du-tarn.fr\/nl\/hors-saison-estivale-profitez-du-calme-du-camping-de-castelbouc-en-avril-mai-juin-et-septembre\/\">\n\t\t\t\t\t<div class=\"item-title-wrap\">\n\t\t\t\t\t\t<div class=\"post-title\">\n\t\t\t\t\t\t\tBuiten het zomerseizoen kunt u in de Tarn-kloof genieten van de rust en stilte van Camping de Castelbouc in april, mei, juni en september.\t\t\t\t\t\t<\/div>\n\t\t\t\t\t<\/div>\n\t\t\t\t<\/a>\n\t\t\t\t\t\t\t<\/div>\n\t\t\t\t\t\t<div class=\"item-text\">\n\t\t\t\t<div class=\"item-description\">\n\t\t\t\t\t<p>\n\t\t\t\t\t\t\t\t\t\t\t\tDe lente en de herfst zijn ideale periodes om in alle rust van de Tarn-kloof te genieten! Ontdek de authentieke charme en de vredigheid van camping Le Site de Castelbouc, gelegen aan de rand van het Nationaal Park C\u00e9vennes en in het hart van de Tarn-kloof. Buiten het zomerseizoen\u2026\t\t\t\t\t<\/p>\n\t\t\t\t\t<a href=\"https:\/\/camping.gorges-du-tarn.fr\/nl\/hors-saison-estivale-profitez-du-calme-du-camping-de-castelbouc-en-avril-mai-juin-et-septembre\/\" class=\"more\">View more<\/a>\n\t\t\t\t<\/div>\n\t\t\t<\/div>\n\t\t\t\t\t\t<div class=\"item-footer\" style=\"\"\">\n\t\t\t\t\t\t\t\t\t\t\t\t<div class=\"item-data categories\" style=\"\"\">\n\t\t\t\t\t<span class=\"label\">Categories<\/span>\n\t\t\t\t\t<span class=\"values\">\n\t\t\t\t\t\t\t\t\t\t\t\t<a href=\"https:\/\/camping.gorges-du-tarn.fr\/nl\/categorie\/actualites\/\" class=\"value\" style=\"border-color: #69bf53;\"\">Nieuws<\/a>\n\t\t\t\t\t\t\t\t\t\t\t\t<a href=\"https:\/\/camping.gorges-du-tarn.fr\/nl\/categorie\/actualites\/camping-le-site-de-castelbouc\/\" class=\"value\" style=\"border-color: #69bf53;\"\">Camping Castelbouc<\/a>\n\t\t\t\t\t\t\t\t\t\t\t<\/span>\n\t\t\t\t<\/div>\n\t\t\t\t\t\t\t<\/div>\n\t\t<\/div>\n\t<\/div>\n\n<\/article>\n\n<article class=\"citadela-directory-item has-thumbnail has-date has-description has-categories\" style=\"\"\">\n\n\t<div class=\"item-content\" style=\"\"\">\n\t\t\t\t<div class=\"item-thumbnail\">\n\t\t\t\t\t\t\t<span class=\"item-date\">\n\t\t\t\t\t<a href=\"https:\/\/camping.gorges-du-tarn.fr\/nl\/2026\/02\/20\/\" rel=\"bookmark\" style=\"background-color: #69bf53;color: #ffffff;\">\n\t\t\t\t\t\t<span class=\"item-date-day\">20<\/span><span class=\"item-date-month\">februari<\/span><span class=\"item-date-year\">2026<\/span>\n\t\t\t\t\t<\/a>\n\t\t\t\t<\/span>\n\t\t\t\t\t\t<a href=\"https:\/\/camping.gorges-du-tarn.fr\/nl\/nettoyage-des-berges-du-tarn\/\"><img decoding=\"async\" src=\"https:\/\/camping.gorges-du-tarn.fr\/wp-content\/uploads\/2026\/02\/camping_le_site_plage_tarn_1200x350_06-640x350.jpg\" class=\"item-image\" alt=\"Het schoonmaken van de oevers van het meertje.\"><\/a>\n\t\t<\/div>\n\t\t\n\t\t<div class=\"item-body\">\n\t\t\t<div class=\"item-title\">\n\t\t\t\t\t\t\t\t<a href=\"https:\/\/camping.gorges-du-tarn.fr\/nl\/nettoyage-des-berges-du-tarn\/\">\n\t\t\t\t\t<div class=\"item-title-wrap\">\n\t\t\t\t\t\t<div class=\"post-title\">\n\t\t\t\t\t\t\tHet schoonmaken van de oevers van het meertje.\t\t\t\t\t\t<\/div>\n\t\t\t\t\t<\/div>\n\t\t\t\t<\/a>\n\t\t\t\t\t\t\t<\/div>\n\t\t\t\t\t\t<div class=\"item-text\">\n\t\t\t\t<div class=\"item-description\">\n\t\t\t\t\t<p>\n\t\t\t\t\t\t\t\t\t\t\t\tOp 21 maart steken we de handen uit de mouwen: het doel is &quot;Schone Natuur&quot; in Castelbouc! Op camping &quot;Le Site de Castelbouc&quot; worden we dagelijks omringd door de ongerepte schoonheid van de Tarn-kloof. Maar deze schoonheid is kwetsbaar en heeft onze hulp nodig. Zoals elk jaar, op 21 maart,\u2026\t\t\t\t\t<\/p>\n\t\t\t\t\t<a href=\"https:\/\/camping.gorges-du-tarn.fr\/nl\/nettoyage-des-berges-du-tarn\/\" class=\"more\">View more<\/a>\n\t\t\t\t<\/div>\n\t\t\t<\/div>\n\t\t\t\t\t\t<div class=\"item-footer\" style=\"\"\">\n\t\t\t\t\t\t\t\t\t\t\t\t<div class=\"item-data categories\" style=\"\"\">\n\t\t\t\t\t<span class=\"label\">Categories<\/span>\n\t\t\t\t\t<span class=\"values\">\n\t\t\t\t\t\t\t\t\t\t\t\t<a href=\"https:\/\/camping.gorges-du-tarn.fr\/nl\/categorie\/actualites\/\" class=\"value\" style=\"border-color: #69bf53;\"\">Nieuws<\/a>\n\t\t\t\t\t\t\t\t\t\t\t\t<a href=\"https:\/\/camping.gorges-du-tarn.fr\/nl\/categorie\/actualites\/camping-le-site-de-castelbouc\/\" class=\"value\" style=\"border-color: #69bf53;\"\">Camping Castelbouc<\/a>\n\t\t\t\t\t\t\t\t\t\t\t<\/span>\n\t\t\t\t<\/div>\n\t\t\t\t\t\t\t<\/div>\n\t\t<\/div>\n\t<\/div>\n\n<\/article>\n\n<article class=\"citadela-directory-item has-thumbnail has-date has-description has-categories\" style=\"\"\">\n\n\t<div class=\"item-content\" style=\"\"\">\n\t\t\t\t<div class=\"item-thumbnail\">\n\t\t\t\t\t\t\t<span class=\"item-date\">\n\t\t\t\t\t<a href=\"https:\/\/camping.gorges-du-tarn.fr\/nl\/2026\/02\/19\/\" rel=\"bookmark\" style=\"background-color: #69bf53;color: #ffffff;\">\n\t\t\t\t\t\t<span class=\"item-date-day\">19<\/span><span class=\"item-date-month\">februari<\/span><span class=\"item-date-year\">2026<\/span>\n\t\t\t\t\t<\/a>\n\t\t\t\t<\/span>\n\t\t\t\t\t\t<a href=\"https:\/\/camping.gorges-du-tarn.fr\/nl\/affaires-utiles-pour-sejourner-au-camping\/\"><img decoding=\"async\" src=\"https:\/\/camping.gorges-du-tarn.fr\/wp-content\/uploads\/2026\/01\/camping_le_site_emplacements_tentes_1200x350_04-640x350.jpg\" class=\"item-image\" alt=\"Handige spullen voor je kampeertrip.\"><\/a>\n\t\t<\/div>\n\t\t\n\t\t<div class=\"item-body\">\n\t\t\t<div class=\"item-title\">\n\t\t\t\t\t\t\t\t<a href=\"https:\/\/camping.gorges-du-tarn.fr\/nl\/affaires-utiles-pour-sejourner-au-camping\/\">\n\t\t\t\t\t<div class=\"item-title-wrap\">\n\t\t\t\t\t\t<div class=\"post-title\">\n\t\t\t\t\t\t\tHandige spullen voor je kampeertrip.\t\t\t\t\t\t<\/div>\n\t\t\t\t\t<\/div>\n\t\t\t\t<\/a>\n\t\t\t\t\t\t\t<\/div>\n\t\t\t\t\t\t<div class=\"item-text\">\n\t\t\t\t<div class=\"item-description\">\n\t\t\t\t\t<p>\n\t\t\t\t\t\t\t\t\t\t\t\tOverlevingsgids voor kampeerders: Wat mee te nemen naar de Tarn-kloof? Ah, vakantie in Loz\u00e8re! Het geluid van het water, de majestueuze kliffen en avonden onder de sterren\u2026 Maar voordat je aankomt op camping &quot;Le Site de Castelbouc&quot;, is er\u2026\t\t\t\t\t<\/p>\n\t\t\t\t\t<a href=\"https:\/\/camping.gorges-du-tarn.fr\/nl\/affaires-utiles-pour-sejourner-au-camping\/\" class=\"more\">View more<\/a>\n\t\t\t\t<\/div>\n\t\t\t<\/div>\n\t\t\t\t\t\t<div class=\"item-footer\" style=\"\"\">\n\t\t\t\t\t\t\t\t\t\t\t\t<div class=\"item-data categories\" style=\"\"\">\n\t\t\t\t\t<span class=\"label\">Categories<\/span>\n\t\t\t\t\t<span class=\"values\">\n\t\t\t\t\t\t\t\t\t\t\t\t<a href=\"https:\/\/camping.gorges-du-tarn.fr\/nl\/categorie\/actualites\/\" class=\"value\" style=\"border-color: #69bf53;\"\">Nieuws<\/a>\n\t\t\t\t\t\t\t\t\t\t\t\t<a href=\"https:\/\/camping.gorges-du-tarn.fr\/nl\/categorie\/actualites\/camping-le-site-de-castelbouc\/\" class=\"value\" style=\"border-color: #69bf53;\"\">Camping Castelbouc<\/a>\n\t\t\t\t\t\t\t\t\t\t\t<\/span>\n\t\t\t\t<\/div>\n\t\t\t\t\t\t\t<\/div>\n\t\t<\/div>\n\t<\/div>\n\n<\/article>\n\n<article class=\"citadela-directory-item has-thumbnail has-date has-description has-categories\" style=\"\"\">\n\n\t<div class=\"item-content\" style=\"\"\">\n\t\t\t\t<div class=\"item-thumbnail\">\n\t\t\t\t\t\t\t<span class=\"item-date\">\n\t\t\t\t\t<a href=\"https:\/\/camping.gorges-du-tarn.fr\/nl\/2026\/02\/17\/\" rel=\"bookmark\" style=\"background-color: #69bf53;color: #ffffff;\">\n\t\t\t\t\t\t<span class=\"item-date-day\">17<\/span><span class=\"item-date-month\">februari<\/span><span class=\"item-date-year\">2026<\/span>\n\t\t\t\t\t<\/a>\n\t\t\t\t<\/span>\n\t\t\t\t\t\t<a href=\"https:\/\/camping.gorges-du-tarn.fr\/nl\/castelbouc-village-au-coeur-des-gorges-du-tarn\/\"><img decoding=\"async\" src=\"https:\/\/camping.gorges-du-tarn.fr\/wp-content\/uploads\/2026\/03\/village_castelbouc_1200x350_01-640x350.jpg\" class=\"item-image\" alt=\"Castelbouc: een bezoek aan een geheim dorpje verscholen in het hart van de Tarn-kloof.\"><\/a>\n\t\t<\/div>\n\t\t\n\t\t<div class=\"item-body\">\n\t\t\t<div class=\"item-title\">\n\t\t\t\t\t\t\t\t<a href=\"https:\/\/camping.gorges-du-tarn.fr\/nl\/castelbouc-village-au-coeur-des-gorges-du-tarn\/\">\n\t\t\t\t\t<div class=\"item-title-wrap\">\n\t\t\t\t\t\t<div class=\"post-title\">\n\t\t\t\t\t\t\tCastelbouc: een bezoek aan een geheim dorpje verscholen in het hart van de Tarn-kloof.\t\t\t\t\t\t<\/div>\n\t\t\t\t\t<\/div>\n\t\t\t\t<\/a>\n\t\t\t\t\t\t\t<\/div>\n\t\t\t\t\t\t<div class=\"item-text\">\n\t\t\t\t<div class=\"item-description\">\n\t\t\t\t\t<p>\n\t\t\t\t\t\t\t\t\t\t\t\tInleiding: Stel je een middeleeuws dorp voor dat als het ware uit de rotsen is gehouwen, met uitzicht op het kristalheldere water van de rivier de Tarn\u2026 Welkom in Castelbouc! Dit gehucht, dat alleen bereikbaar is via een smalle brug of te voet, is een van de best bewaarde pareltjes van de regio Loz\u00e8re. Of je nu een liefhebber bent van oude stenen,\u2026\t\t\t\t\t<\/p>\n\t\t\t\t\t<a href=\"https:\/\/camping.gorges-du-tarn.fr\/nl\/castelbouc-village-au-coeur-des-gorges-du-tarn\/\" class=\"more\">View more<\/a>\n\t\t\t\t<\/div>\n\t\t\t<\/div>\n\t\t\t\t\t\t<div class=\"item-footer\" style=\"\"\">\n\t\t\t\t\t\t\t\t\t\t\t\t<div class=\"item-data categories\" style=\"\"\">\n\t\t\t\t\t<span class=\"label\">Categories<\/span>\n\t\t\t\t\t<span class=\"values\">\n\t\t\t\t\t\t\t\t\t\t\t\t<a href=\"https:\/\/camping.gorges-du-tarn.fr\/nl\/categorie\/actualites\/a-visiter\/\" class=\"value\" style=\"border-color: #69bf53;\"\">Zeker een bezoek waard<\/a>\n\t\t\t\t\t\t\t\t\t\t\t\t<a href=\"https:\/\/camping.gorges-du-tarn.fr\/nl\/categorie\/actualites\/\" class=\"value\" style=\"border-color: #69bf53;\"\">Nieuws<\/a>\n\t\t\t\t\t\t\t\t\t\t\t<\/span>\n\t\t\t\t<\/div>\n\t\t\t\t\t\t\t<\/div>\n\t\t<\/div>\n\t<\/div>\n\n<\/article>\n\n    <\/div>\n<\/div>        <\/div>","protected":false},"excerpt":{"rendered":"<p>Ons nieuws<\/p>","protected":false},"author":2,"featured_media":0,"parent":0,"menu_order":0,"comment_status":"closed","ping_status":"closed","template":"","meta":{"_citadela_hide_page_title":"1","_citadela_remove_header_space":"1","_citadela_custom_class":"","_citadela_half_map_provider":"","_citadela_half_map_theme":"","_citadela_half_map_themeOSM":"","_citadela_half_map_customTheme":"","_citadela_half_map_dataType":"","_citadela_half_map_dynamicTrack":false,"_citadela_half_map_trackColor":"","_citadela_half_map_trackEndpointsColor":"","_citadela_half_map_filterCategory":"","_citadela_half_map_filterLocation":"","_citadela_half_map_filterFeatured":false,"_citadela_half_map_noDataBehavior":"empty-map","_citadela_half_map_noDataText":"","_citadela_half_map_clusterGridSize":80,"_citadela_header":false,"_citadela_header_over_content":false,"_citadela_header_text_color":"","_citadela_header_logo":[],"_citadela_header_bg_image":[],"_citadela_header_bg_position":{"x":0.5,"y":0.5},"_citadela_header_bg_size":"cover","_citadela_header_bg_repeat":"no-repeat","_citadela_header_bg_fixed":false,"_citadela_header_bg_color":"","_citadela_header_bg_image_overlay":"","_citadela_header_transparent_bg":false,"_citadela_content_width":"","_citadela_half_layout_position":"","footnotes":""},"class_list":["post-877","page","type-page","status-publish","hentry"],"yoast_head":"<!-- This site is optimized with the Yoast SEO plugin v27.3 - https:\/\/yoast.com\/product\/yoast-seo-wordpress\/ -->\n<title>Actualit\u00e9s - Camping Le Site de Castelbouc<\/title>\n<meta name=\"description\" content=\"Camping familial \u2605\u2605 \u00e0 Sainte\u2011Enimie (Loz\u00e8re) - Plage priv\u00e9e sur le Tarn, d\u00e9part cano\u00eb sur place, mobil-homes, tipis et emplacements. Wifi, laverie, accueil randonneurs. Contact : camping.de.castelbouc@gorges-du-tarn.fr\" \/>\n<meta name=\"robots\" content=\"index, follow, max-snippet:-1, max-image-preview:large, max-video-preview:-1\" \/>\n<link rel=\"canonical\" href=\"https:\/\/camping.gorges-du-tarn.fr\/nl\/nieuws\/\" \/>\n<meta property=\"og:locale\" content=\"nl_NL\" \/>\n<meta property=\"og:type\" content=\"article\" \/>\n<meta property=\"og:title\" content=\"Actualit\u00e9s - Camping Le Site de Castelbouc\" \/>\n<meta property=\"og:description\" content=\"Camping familial \u2605\u2605 \u00e0 Sainte\u2011Enimie (Loz\u00e8re) - Plage priv\u00e9e sur le Tarn, d\u00e9part cano\u00eb sur place, mobil-homes, tipis et emplacements. Wifi, laverie, accueil randonneurs. Contact : camping.de.castelbouc@gorges-du-tarn.fr\" \/>\n<meta property=\"og:url\" content=\"https:\/\/camping.gorges-du-tarn.fr\/nl\/nieuws\/\" \/>\n<meta property=\"og:site_name\" content=\"Camping Le Site de Castelbouc\" \/>\n<meta property=\"article:publisher\" content=\"https:\/\/www.facebook.com\/Camping.Castelbouc.Gorges.du.Tarn\/\" \/>\n<meta property=\"article:modified_time\" content=\"2026-03-11T14:38:37+00:00\" \/>\n<meta property=\"og:image\" content=\"https:\/\/camping.gorges-du-tarn.fr\/wp-content\/uploads\/2026\/03\/camping-le-site-de-castelbouc-1200x675-1.png\" \/>\n\t<meta property=\"og:image:width\" content=\"1200\" \/>\n\t<meta property=\"og:image:height\" content=\"675\" \/>\n\t<meta property=\"og:image:type\" content=\"image\/png\" \/>\n<meta name=\"twitter:card\" content=\"summary_large_image\" \/>\n<meta name=\"twitter:label1\" content=\"Verwachte leestijd\" \/>\n\t<meta name=\"twitter:data1\" content=\"1 minuut\" \/>\n<script type=\"application\/ld+json\" class=\"yoast-schema-graph\">{\"@context\":\"https:\\\/\\\/schema.org\",\"@graph\":[{\"@type\":\"WebPage\",\"@id\":\"https:\\\/\\\/camping.gorges-du-tarn.fr\\\/actualites\\\/\",\"url\":\"https:\\\/\\\/camping.gorges-du-tarn.fr\\\/actualites\\\/\",\"name\":\"Actualit\u00e9s - Camping Le Site de Castelbouc\",\"isPartOf\":{\"@id\":\"https:\\\/\\\/camping.gorges-du-tarn.fr\\\/#website\"},\"datePublished\":\"2026-03-11T14:38:35+00:00\",\"dateModified\":\"2026-03-11T14:38:37+00:00\",\"description\":\"Camping familial \u2605\u2605 \u00e0 Sainte\u2011Enimie (Loz\u00e8re) - Plage priv\u00e9e sur le Tarn, d\u00e9part cano\u00eb sur place, mobil-homes, tipis et emplacements. Wifi, laverie, accueil randonneurs. Contact : camping.de.castelbouc@gorges-du-tarn.fr\",\"breadcrumb\":{\"@id\":\"https:\\\/\\\/camping.gorges-du-tarn.fr\\\/actualites\\\/#breadcrumb\"},\"inLanguage\":\"nl-NL\",\"potentialAction\":[{\"@type\":\"ReadAction\",\"target\":[\"https:\\\/\\\/camping.gorges-du-tarn.fr\\\/actualites\\\/\"]}]},{\"@type\":\"BreadcrumbList\",\"@id\":\"https:\\\/\\\/camping.gorges-du-tarn.fr\\\/actualites\\\/#breadcrumb\",\"itemListElement\":[{\"@type\":\"ListItem\",\"position\":1,\"name\":\"Accueil\",\"item\":\"https:\\\/\\\/camping.gorges-du-tarn.fr\\\/\"},{\"@type\":\"ListItem\",\"position\":2,\"name\":\"Actualit\u00e9s\"}]},{\"@type\":\"WebSite\",\"@id\":\"https:\\\/\\\/camping.gorges-du-tarn.fr\\\/#website\",\"url\":\"https:\\\/\\\/camping.gorges-du-tarn.fr\\\/\",\"name\":\"Camping Le Site de Castelbouc\",\"description\":\"Sainte-Enimie - Loz\u00e8re - Occitanie\",\"publisher\":{\"@id\":\"https:\\\/\\\/camping.gorges-du-tarn.fr\\\/#organization\"},\"alternateName\":\"Camping de Castelbouc\",\"potentialAction\":[{\"@type\":\"SearchAction\",\"target\":{\"@type\":\"EntryPoint\",\"urlTemplate\":\"https:\\\/\\\/camping.gorges-du-tarn.fr\\\/?s={search_term_string}\"},\"query-input\":{\"@type\":\"PropertyValueSpecification\",\"valueRequired\":true,\"valueName\":\"search_term_string\"}}],\"inLanguage\":\"nl-NL\"},{\"@type\":\"Organization\",\"@id\":\"https:\\\/\\\/camping.gorges-du-tarn.fr\\\/#organization\",\"name\":\"Camping \\\"Le Site de Castelbouc\\\"\",\"alternateName\":\"Le Site de Castelbouc\",\"url\":\"https:\\\/\\\/camping.gorges-du-tarn.fr\\\/\",\"logo\":{\"@type\":\"ImageObject\",\"inLanguage\":\"nl-NL\",\"@id\":\"https:\\\/\\\/camping.gorges-du-tarn.fr\\\/#\\\/schema\\\/logo\\\/image\\\/\",\"url\":\"https:\\\/\\\/camping.gorges-du-tarn.fr\\\/wp-content\\\/uploads\\\/2023\\\/03\\\/cropped-camping_le_site_de_castelbouc_logo_267x125.png\",\"contentUrl\":\"https:\\\/\\\/camping.gorges-du-tarn.fr\\\/wp-content\\\/uploads\\\/2023\\\/03\\\/cropped-camping_le_site_de_castelbouc_logo_267x125.png\",\"width\":267,\"height\":125,\"caption\":\"Camping \\\"Le Site de Castelbouc\\\"\"},\"image\":{\"@id\":\"https:\\\/\\\/camping.gorges-du-tarn.fr\\\/#\\\/schema\\\/logo\\\/image\\\/\"},\"sameAs\":[\"https:\\\/\\\/www.facebook.com\\\/Camping.Castelbouc.Gorges.du.Tarn\\\/\"]}]}<\/script>\n<!-- \/ Yoast SEO plugin. -->","yoast_head_json":{"title":"Nieuws - Camping Le Site de Castelbouc","description":"Familiecamping \u2605\u2605 in Sainte-Enimie (Loz\u00e8re) - Priv\u00e9strand aan de rivier de Tarn, kano-aanlegplaats op het terrein, stacaravans, tipi&#039;s en staanplaatsen. Wifi, wasfaciliteiten, wandelaars welkom. Contact: camping.de.castelbouc@gorges-du-tarn.fr","robots":{"index":"index","follow":"follow","max-snippet":"max-snippet:-1","max-image-preview":"max-image-preview:large","max-video-preview":"max-video-preview:-1"},"canonical":"https:\/\/camping.gorges-du-tarn.fr\/nl\/nieuws\/","og_locale":"nl_NL","og_type":"article","og_title":"Actualit\u00e9s - Camping Le Site de Castelbouc","og_description":"Camping familial \u2605\u2605 \u00e0 Sainte\u2011Enimie (Loz\u00e8re) - Plage priv\u00e9e sur le Tarn, d\u00e9part cano\u00eb sur place, mobil-homes, tipis et emplacements. Wifi, laverie, accueil randonneurs. Contact : camping.de.castelbouc@gorges-du-tarn.fr","og_url":"https:\/\/camping.gorges-du-tarn.fr\/nl\/nieuws\/","og_site_name":"Camping Le Site de Castelbouc","article_publisher":"https:\/\/www.facebook.com\/Camping.Castelbouc.Gorges.du.Tarn\/","article_modified_time":"2026-03-11T14:38:37+00:00","og_image":[{"width":1200,"height":675,"url":"https:\/\/camping.gorges-du-tarn.fr\/wp-content\/uploads\/2026\/03\/camping-le-site-de-castelbouc-1200x675-1.png","type":"image\/png"}],"twitter_card":"summary_large_image","twitter_misc":{"Verwachte leestijd":"1 minuut"},"schema":{"@context":"https:\/\/schema.org","@graph":[{"@type":"WebPage","@id":"https:\/\/camping.gorges-du-tarn.fr\/actualites\/","url":"https:\/\/camping.gorges-du-tarn.fr\/actualites\/","name":"Nieuws - Camping Le Site de Castelbouc","isPartOf":{"@id":"https:\/\/camping.gorges-du-tarn.fr\/#website"},"datePublished":"2026-03-11T14:38:35+00:00","dateModified":"2026-03-11T14:38:37+00:00","description":"Familiecamping \u2605\u2605 in Sainte-Enimie (Loz\u00e8re) - Priv\u00e9strand aan de rivier de Tarn, kano-aanlegplaats op het terrein, stacaravans, tipi&#039;s en staanplaatsen. Wifi, wasfaciliteiten, wandelaars welkom. Contact: camping.de.castelbouc@gorges-du-tarn.fr","breadcrumb":{"@id":"https:\/\/camping.gorges-du-tarn.fr\/actualites\/#breadcrumb"},"inLanguage":"nl-NL","potentialAction":[{"@type":"ReadAction","target":["https:\/\/camping.gorges-du-tarn.fr\/actualites\/"]}]},{"@type":"BreadcrumbList","@id":"https:\/\/camping.gorges-du-tarn.fr\/actualites\/#breadcrumb","itemListElement":[{"@type":"ListItem","position":1,"name":"Accueil","item":"https:\/\/camping.gorges-du-tarn.fr\/"},{"@type":"ListItem","position":2,"name":"Actualit\u00e9s"}]},{"@type":"WebSite","@id":"https:\/\/camping.gorges-du-tarn.fr\/#website","url":"https:\/\/camping.gorges-du-tarn.fr\/","name":"Camping Le Site de Castelbouc","description":"Sainte-Enimie - Loz\u00e8re - Occitanie","publisher":{"@id":"https:\/\/camping.gorges-du-tarn.fr\/#organization"},"alternateName":"Camping de Castelbouc","potentialAction":[{"@type":"SearchAction","target":{"@type":"EntryPoint","urlTemplate":"https:\/\/camping.gorges-du-tarn.fr\/?s={search_term_string}"},"query-input":{"@type":"PropertyValueSpecification","valueRequired":true,"valueName":"search_term_string"}}],"inLanguage":"nl-NL"},{"@type":"Organization","@id":"https:\/\/camping.gorges-du-tarn.fr\/#organization","name":"Camping &quot;Le Site de Castelbouc&quot;\"","alternateName":"Le Site de Castelbouc","url":"https:\/\/camping.gorges-du-tarn.fr\/","logo":{"@type":"ImageObject","inLanguage":"nl-NL","@id":"https:\/\/camping.gorges-du-tarn.fr\/#\/schema\/logo\/image\/","url":"https:\/\/camping.gorges-du-tarn.fr\/wp-content\/uploads\/2023\/03\/cropped-camping_le_site_de_castelbouc_logo_267x125.png","contentUrl":"https:\/\/camping.gorges-du-tarn.fr\/wp-content\/uploads\/2023\/03\/cropped-camping_le_site_de_castelbouc_logo_267x125.png","width":267,"height":125,"caption":"Camping \"Le Site de Castelbouc\""},"image":{"@id":"https:\/\/camping.gorges-du-tarn.fr\/#\/schema\/logo\/image\/"},"sameAs":["https:\/\/www.facebook.com\/Camping.Castelbouc.Gorges.du.Tarn\/"]}]}},"_links":{"self":[{"href":"https:\/\/camping.gorges-du-tarn.fr\/nl\/wp-json\/wp\/v2\/pages\/877","targetHints":{"allow":["GET"]}}],"collection":[{"href":"https:\/\/camping.gorges-du-tarn.fr\/nl\/wp-json\/wp\/v2\/pages"}],"about":[{"href":"https:\/\/camping.gorges-du-tarn.fr\/nl\/wp-json\/wp\/v2\/types\/page"}],"author":[{"embeddable":true,"href":"https:\/\/camping.gorges-du-tarn.fr\/nl\/wp-json\/wp\/v2\/users\/2"}],"replies":[{"embeddable":true,"href":"https:\/\/camping.gorges-du-tarn.fr\/nl\/wp-json\/wp\/v2\/comments?post=877"}],"version-history":[{"count":0,"href":"https:\/\/camping.gorges-du-tarn.fr\/nl\/wp-json\/wp\/v2\/pages\/877\/revisions"}],"wp:attachment":[{"href":"https:\/\/camping.gorges-du-tarn.fr\/nl\/wp-json\/wp\/v2\/media?parent=877"}],"curies":[{"name":"wp","href":"https:\/\/api.w.org\/{rel}","templated":true}]}}